{"id":5992,"date":"2025-11-24T18:43:36","date_gmt":"2025-11-24T18:43:36","guid":{"rendered":"https:\/\/solvingcom.com\/?page_id=5992"},"modified":"2025-11-24T20:41:18","modified_gmt":"2025-11-24T20:41:18","slug":"copywriting","status":"publish","type":"page","link":"https:\/\/solvingcom.com\/sr\/copywriting\/","title":{"rendered":"kopirajting"},"content":{"rendered":"<div class=\"wpb-content-wrapper\"><div class=\"vc_row wpb_row vc_row-fluid\"><div class=\"wpb_column vc_column_container vc_col-sm-12\"><div class=\"vc_column-inner\"><div class=\"wpb_wrapper\"><script id='custom-style-69e0a42a3ec92' type='text\/javascript'>(function($) {$(document).ready(function() {$(\"head\").append(\"<style>#heading-69e0a42a3ec8f{text-align: center;font-weight: 100;text-transform: none}<\/style>\");});})(jQuery);<\/script><h3 id=\"heading-69e0a42a3ec8f\" class=\"vc_custom_heading\">Profesionalni kopirajting koji ja\u010da va\u0161 brend<\/h3>\n\t<div class=\"wpb_text_column wpb_content_element\" >\n\t\t<div class=\"wpb_wrapper\">\n\t\t\t<p>Stavljanje pravih re\u010di na pravo mesto je sr\u017e profesionalnog kopirajtinga. U Solving Communications pretvaramo viziju i vrednosti va\u0161eg brenda u sadr\u017eaj koji anga\u017euje publiku i gradi dugotrajan utisak.<\/p>\n\n\t\t<\/div>\n\t<\/div>\n<div class=\"vc_empty_space\"   style=\"height: 12px\"><span class=\"vc_empty_space_inner\"><\/span><\/div><script id='custom-style-69e0a42a3f4e2' type='text\/javascript'>(function($) {$(document).ready(function() {$(\"head\").append(\"<style>#heading-69e0a42a3f4e0{font-size: 20px;text-align: left;text-transform: none}<\/style>\");});})(jQuery);<\/script><h3 id=\"heading-69e0a42a3f4e0\" class=\"vc_custom_heading\">Za\u0161to je kopirajting va\u017ean?<\/h3>\n\t<div class=\"wpb_text_column wpb_content_element\" >\n\t\t<div class=\"wpb_wrapper\">\n\t\t\t<p>Odli\u010dan kopirajting nije samo niz re\u010di \u2013 to je strate\u0161ki alat za komunikaciju identiteta brenda, pove\u0107anje konverzija i ostavljanje sna\u017enog utiska. Bilo da je u pitanju reklama, blog, dru\u0161tvene mre\u017ee ili sadr\u017eaj sajta, svaka re\u010d ima svoju te\u017einu.<\/p>\n\n\t\t<\/div>\n\t<\/div>\n<\/div><\/div><\/div><\/div><div class=\"vc_row wpb_row vc_row-fluid\"><div class=\"wpb_column vc_column_container vc_col-sm-6\"><div class=\"vc_column-inner\"><div class=\"wpb_wrapper\"><div class=\"vc_empty_space\"   style=\"height: 32px\"><span class=\"vc_empty_space_inner\"><\/span><\/div>\n\t<div  class=\"wpb_single_image wpb_content_element vc_align_center wpb_content_element  floating\">\n\t\t\n\t\t<figure class=\"wpb_wrapper vc_figure\">\n\t\t\t<div class=\"vc_single_image-wrapper   vc_box_border_grey\"><img decoding=\"async\" width=\"300\" height=\"300\" src=\"https:\/\/solvingcom.com\/wp-content\/uploads\/2025\/11\/COPYWRITING-300x300.png\" class=\"vc_single_image-img attachment-medium\" alt=\"COPYWRITING\" title=\"kopirajting\" srcset=\"https:\/\/solvingcom.com\/wp-content\/uploads\/2025\/11\/COPYWRITING-300x300.png 300w, https:\/\/solvingcom.com\/wp-content\/uploads\/2025\/11\/COPYWRITING-150x150.png 150w, https:\/\/solvingcom.com\/wp-content\/uploads\/2025\/11\/COPYWRITING-12x12.png 12w, https:\/\/solvingcom.com\/wp-content\/uploads\/2025\/11\/COPYWRITING-80x80.png 80w, https:\/\/solvingcom.com\/wp-content\/uploads\/2025\/11\/COPYWRITING-370x370.png 370w, https:\/\/solvingcom.com\/wp-content\/uploads\/2025\/11\/COPYWRITING-450x450.png 450w, https:\/\/solvingcom.com\/wp-content\/uploads\/2025\/11\/COPYWRITING.png 512w\" sizes=\"(max-width: 300px) 100vw, 300px\" \/><\/div>\n\t\t<\/figure>\n\t<\/div>\n<\/div><\/div><\/div><div class=\"wpb_column vc_column_container vc_col-sm-6\"><div class=\"vc_column-inner\"><div class=\"wpb_wrapper\"><div class=\"vc_empty_space\"   style=\"height: 32px\"><span class=\"vc_empty_space_inner\"><\/span><\/div><script id='custom-style-69e0a42a40aa6' type='text\/javascript'>(function($) {$(document).ready(function() {$(\"head\").append(\"<style>#heading-69e0a42a40aa4{font-size: 20px;text-align: left;text-transform: none}<\/style>\");});})(jQuery);<\/script><h3 id=\"heading-69e0a42a40aa4\" class=\"vc_custom_heading\">Klju\u010dni elementi na\u0161eg kopirajtinga<\/h3>\n\t<div class=\"wpb_text_column wpb_content_element\" >\n\t\t<div class=\"wpb_wrapper\">\n\t\t\t<ul>\n<li data-start=\"1882\" data-end=\"1975\">\n<p data-start=\"1884\" data-end=\"1975\"><strong data-start=\"1884\" data-end=\"1909\">Fokus na temu:<\/strong> Svaka re\u010d ima svoju svrhu i precizno prenosi poruku.<\/p>\n<\/li>\n<li data-start=\"1976\" data-end=\"2060\">\n<p data-start=\"1978\" data-end=\"2060\"><strong data-start=\"1978\" data-end=\"2007\">Kreativno re\u0161avanje problema:<\/strong> Vi\u0161e izazova mo\u017ee imati jedno elegantno re\u0161enje.<\/p>\n<\/li>\n<li data-start=\"2061\" data-end=\"2138\">\n<p data-start=\"2063\" data-end=\"2138\"><strong data-start=\"2063\" data-end=\"2083\">Ritam i ton:<\/strong> Re\u010di koje prirodno teku i odjekuju kod \u010ditalaca.<\/p>\n<\/li>\n<li data-start=\"2139\" data-end=\"2218\">\n<p data-start=\"2141\" data-end=\"2218\"><strong data-start=\"2141\" data-end=\"2168\">Hrabrost da se bude druga\u010diji:<\/strong> Jedinstveni sadr\u017eaji koji izdvajaju va\u0161 brend.<\/p>\n<\/li>\n<\/ul>\n\n\t\t<\/div>\n\t<\/div>\n<\/div><\/div><\/div><\/div><div class=\"vc_row wpb_row vc_row-fluid vc_custom_1764012444142 vc_row-has-fill\"><div class=\"wpb_column vc_column_container vc_col-sm-4\"><div class=\"vc_column-inner\"><div class=\"wpb_wrapper\">\n\t<div  class=\"wpb_single_image wpb_content_element vc_align_center wpb_content_element\">\n\t\t\n\t\t<figure class=\"wpb_wrapper vc_figure\">\n\t\t\t<div class=\"vc_single_image-wrapper   vc_box_border_grey\"><img decoding=\"async\" width=\"300\" height=\"251\" src=\"https:\/\/solvingcom.com\/wp-content\/uploads\/2025\/11\/Copywriting3-300x251.jpg\" class=\"vc_single_image-img attachment-medium\" alt=\"Copywriting\" title=\"Copywriting3\" srcset=\"https:\/\/solvingcom.com\/wp-content\/uploads\/2025\/11\/Copywriting3-300x251.jpg 300w, https:\/\/solvingcom.com\/wp-content\/uploads\/2025\/11\/Copywriting3-14x12.jpg 14w, https:\/\/solvingcom.com\/wp-content\/uploads\/2025\/11\/Copywriting3.jpg 367w\" sizes=\"(max-width: 300px) 100vw, 300px\" \/><\/div>\n\t\t<\/figure>\n\t<\/div>\n<\/div><\/div><\/div><div class=\"wpb_column vc_column_container vc_col-sm-4 vc_col-has-fill\"><div class=\"vc_column-inner vc_custom_1764015419666\"><div class=\"wpb_wrapper\"><script id='custom-style-69e0a42a41a11' type='text\/javascript'>(function($) {$(document).ready(function() {$(\"head\").append(\"<style>#heading-69e0a42a41a0f{font-size: 20px;text-align: left;text-transform: none}<\/style>\");});})(jQuery);<\/script><h3 id=\"heading-69e0a42a41a0f\" class=\"vc_custom_heading\">\u0160ta nudimo<\/h3><div class=\"vc_empty_space\"   style=\"height: 11px\"><span class=\"vc_empty_space_inner\"><\/span><\/div>\n\t<div class=\"wpb_text_column wpb_content_element vc_custom_1764012230705\" >\n\t\t<div class=\"wpb_wrapper\">\n\t\t\t<ul>\n<li data-start=\"2240\" data-end=\"2264\">\n<p data-start=\"2242\" data-end=\"2264\">Slogane i tagline-ove<\/p>\n<\/li>\n<li data-start=\"2265\" data-end=\"2290\">\n<p data-start=\"2267\" data-end=\"2290\">Reklamne kampanje<\/p>\n<\/li>\n<li data-start=\"2291\" data-end=\"2318\">\n<p data-start=\"2293\" data-end=\"2318\">Blog postove i \u010dlanke<\/p>\n<\/li>\n<li data-start=\"2319\" data-end=\"2343\">\n<p data-start=\"2321\" data-end=\"2343\">Sadr\u017eaj za dru\u0161tvene mre\u017ee<\/p>\n<\/li>\n<li data-start=\"2344\" data-end=\"2368\">\n<p data-start=\"2346\" data-end=\"2368\">Tekstove koji defini\u0161u brend<\/p>\n<\/li>\n<\/ul>\n\n\t\t<\/div>\n\t<\/div>\n<\/div><\/div><\/div><div class=\"wpb_column vc_column_container vc_col-sm-4 vc_col-has-fill\"><div class=\"vc_column-inner vc_custom_1764012719134\"><div class=\"wpb_wrapper\"><script id='custom-style-69e0a42a41e46' type='text\/javascript'>(function($) {$(document).ready(function() {$(\"head\").append(\"<style>#heading-69e0a42a41e44{font-size: 20px;text-align: left;text-transform: none}<\/style>\");});})(jQuery);<\/script><h3 id=\"heading-69e0a42a41e44\" class=\"vc_custom_heading\">Benefiti profesionalnog kopirajtinga<\/h3>\n\t<div class=\"wpb_text_column wpb_content_element vc_custom_1764012250301\" >\n\t\t<div class=\"wpb_wrapper\">\n\t\t\t<ul>\n<li data-start=\"2413\" data-end=\"2440\">\n<p data-start=\"2415\" data-end=\"2440\">Sna\u017eniji identitet brenda<\/p>\n<\/li>\n<li data-start=\"2441\" data-end=\"2471\">\n<p data-start=\"2443\" data-end=\"2471\">Ve\u0107a anga\u017eovanost publike<\/p>\n<\/li>\n<li data-start=\"2472\" data-end=\"2497\">\n<p data-start=\"2474\" data-end=\"2497\">Pove\u0107anje konverzija<\/p>\n<\/li>\n<li data-start=\"2498\" data-end=\"2543\">\n<p data-start=\"2500\" data-end=\"2543\">Dosledna poruka na svim kanalima<\/p>\n<\/li>\n<\/ul>\n\n\t\t<\/div>\n\t<\/div>\n<\/div><\/div><\/div><\/div><div class=\"vc_row wpb_row vc_row-fluid vc_custom_1710065470628\"><div class=\"wpb_column vc_column_container vc_col-sm-8\"><div class=\"vc_column-inner\"><div class=\"wpb_wrapper\"><script id='custom-style-69e0a42a4232f' type='text\/javascript'>(function($) {$(document).ready(function() {$(\"head\").append(\"<style>#heading-69e0a42a4232d{font-size: 20px;text-align: left;text-transform: none}<\/style>\");});})(jQuery);<\/script><h3 id=\"heading-69e0a42a4232d\" class=\"vc_custom_heading\">Neka va\u0161 brend bude prime\u0107en<\/h3>\n\t<div class=\"wpb_text_column wpb_content_element\" >\n\t\t<div class=\"wpb_wrapper\">\n\t\t\t<p>Preciznim kopirajtingom va\u0161 brend komunicira jasno, smisleno i upe\u010datljivo.<br \/>\nDopustite nam da stvorimo va\u0161 jedinstveni glas koji privla\u010di i zadr\u017eava klijente.<\/p>\n\n\t\t<\/div>\n\t<\/div>\n<\/div><\/div><\/div><div class=\"wpb_column vc_column_container vc_col-sm-4\"><div class=\"vc_column-inner\"><div class=\"wpb_wrapper\"><div class=\"insight-button style01 align-none\">\n\t    <a href=\"https:\/\/solvingcom.com\/en\/contact\/\"\n       target=\"_blank\"\n       rel=\"\">Zatra\u017eite svoj kopirajting<\/a>\n<\/div>\n<\/div><\/div><\/div><\/div><div data-vc-full-width=\"true\" data-vc-full-width-temp=\"true\" data-vc-full-width-init=\"false\" class=\"vc_row wpb_row vc_row-fluid vc_custom_1705496323673 vc_row-has-fill\"><div class=\"wpb_column vc_column_container vc_col-sm-12\"><div class=\"vc_column-inner\"><div class=\"wpb_wrapper\"><div class=\"vc_empty_space\"   style=\"height: 30px\"><span class=\"vc_empty_space_inner\"><\/span><\/div>\n\t<div  class=\"wpb_single_image wpb_content_element vc_align_center wpb_content_element vc_custom_1705496260103\">\n\t\t\n\t\t<figure class=\"wpb_wrapper vc_figure\">\n\t\t\t<div class=\"vc_single_image-wrapper   vc_box_border_grey\"><img decoding=\"async\" src=\"https:\/\/solvingcom.com\/wp-content\/uploads\/2016\/12\/line.png\" class=\"vc_single_image-img attachment-full\" alt=\"line\" title=\"line\" \/><\/div>\n\t\t<\/figure>\n\t<\/div>\n<\/div><\/div><\/div><\/div><div class=\"vc_row-full-width vc_clearfix\"><\/div><div class=\"vc_row wpb_row vc_row-fluid\"><div class=\"wpb_column vc_column_container vc_col-sm-6\"><div class=\"vc_column-inner\"><div class=\"wpb_wrapper\"><div class=\"vc_empty_space\"   style=\"height: 20px\"><span class=\"vc_empty_space_inner\"><\/span><\/div><section class=\"vc_cta3-container vc_cta3-size-lg\"><div class=\"vc_general vc_do_cta3 vc_cta3 vc_cta3-style-classic vc_cta3-shape-square vc_cta3-align-left vc_cta3-color-classic vc_cta3-icon-size-md\"><div class=\"vc_cta3_content-container\"><div class=\"vc_cta3-content\"><header class=\"vc_cta3-content-header\"><h2>NAPRAVITE PRVI KORAK!<\/h2><\/header><\/div><\/div><\/div><\/section><div class=\"vc_empty_space\"   style=\"height: 20px\"><span class=\"vc_empty_space_inner\"><\/span><\/div><\/div><\/div><\/div><div class=\"wpb_column vc_column_container vc_col-sm-6\"><div class=\"vc_column-inner\"><div class=\"wpb_wrapper\"><script id='custom-style-69e0a42a4442c' type='text\/javascript'>(function($) {$(document).ready(function() {$(\"head\").append(\"<style>#heading-69e0a42a4442a{text-align: left;font-weight: 100;text-transform: none}<\/style>\");});})(jQuery);<\/script><h3 id=\"heading-69e0a42a4442a\" class=\"vc_custom_heading\">Za\u0161to Solving Communications?<\/h3>\n\t<div class=\"wpb_text_column wpb_content_element\" >\n\t\t<div class=\"wpb_wrapper\">\n\t\t\t<p>Zato \u0161to znamo kako da...<br \/>\n...razumemo potrebe klijenta i defini\u0161emo ciljeve<br \/>\n...razumemo specifi\u010dnosti tr\u017ei\u0161ta i konkurenciju<br \/>\n...kreiramo set jasnih i preciznih poruka<br \/>\n...izaberemo pravi tempo i analiziramo povratne informacije<\/p>\n\n\t\t<\/div>\n\t<\/div>\n<div class=\"insight-button style01 align-left\">\n\t    <a href=\"https:\/\/solvingcom.com\/contact-us\/\"\n       target=\"_blank\"\n       rel=\"\">Kontakt<\/a>\n<\/div>\n<div class=\"vc_empty_space\"   style=\"height: 20px\"><span class=\"vc_empty_space_inner\"><\/span><\/div><\/div><\/div><\/div><\/div>\n<\/div>","protected":false},"excerpt":{"rendered":"Professional Copywriting that Amplifies Your Brand Putting the right words in the right place is the essence of professional copywriting. At Solving Communications, we transform your brand\u2019s vision and values into compelling content that resonates with your audience and drives engagement. Why Copywriting Matters? Great copy is more than words\u2014it is a strategic tool to...","protected":false},"author":4,"featured_media":6000,"parent":0,"menu_order":0,"comment_status":"closed","ping_status":"closed","template":"","meta":{"footnotes":""},"class_list":["post-5992","page","type-page","status-publish","has-post-thumbnail","hentry"],"yoast_head":"<!-- This site is optimized with the Yoast SEO plugin v27.1.1 - https:\/\/yoast.com\/product\/yoast-seo-wordpress\/ -->\n<title>COPYWRITING | Solving Communications<\/title>\n<meta name=\"description\" content=\"We create engaging slogans, advertising campaigns, blog posts, and all content that defines your brand identity and drives growth.\" \/>\n<meta name=\"robots\" content=\"index, follow, max-snippet:-1, max-image-preview:large, max-video-preview:-1\" \/>\n<link rel=\"canonical\" href=\"https:\/\/solvingcom.com\/sr\/copywriting\/\" \/>\n<meta property=\"og:locale\" content=\"sr_RS\" \/>\n<meta property=\"og:type\" content=\"article\" \/>\n<meta property=\"og:title\" content=\"COPYWRITING\" \/>\n<meta property=\"og:description\" content=\"We create engaging slogans, advertising campaigns, blog posts, and all content that defines your brand identity and drives growth.\" \/>\n<meta property=\"og:url\" content=\"https:\/\/solvingcom.com\/sr\/copywriting\/\" \/>\n<meta property=\"og:site_name\" content=\"Solving Communications\" \/>\n<meta property=\"article:publisher\" content=\"https:\/\/www.facebook.com\/digitalvideosandevents\" \/>\n<meta property=\"article:modified_time\" content=\"2025-11-24T20:41:18+00:00\" \/>\n<meta property=\"og:image\" content=\"https:\/\/solvingcom.com\/wp-content\/uploads\/2025\/11\/COPYWRITING.png\" \/>\n\t<meta property=\"og:image:width\" content=\"512\" \/>\n\t<meta property=\"og:image:height\" content=\"512\" \/>\n\t<meta property=\"og:image:type\" content=\"image\/png\" \/>\n<meta name=\"twitter:card\" content=\"summary_large_image\" \/>\n<meta name=\"twitter:title\" content=\"COPYWRITING\" \/>\n<meta name=\"twitter:description\" content=\"We create engaging slogans, advertising campaigns, blog posts, and all content that defines your brand identity and drives growth.\" \/>\n<meta name=\"twitter:image\" content=\"https:\/\/solvingcom.com\/wp-content\/uploads\/2025\/11\/COPYWRITING.png\" \/>\n<meta name=\"twitter:label1\" content=\"\u041f\u0440\u043e\u0446\u0435\u045a\u0435\u043d\u043e \u0432\u0440\u0435\u043c\u0435 \u0447\u0438\u0442\u0430\u045a\u0430\" \/>\n\t<meta name=\"twitter:data1\" content=\"3 \u043c\u0438\u043d\u0443\u0442\u0430\" \/>\n<script type=\"application\/ld+json\" class=\"yoast-schema-graph\">{\"@context\":\"https:\/\/schema.org\",\"@graph\":[{\"@type\":\"WebPage\",\"@id\":\"https:\/\/solvingcom.com\/copywriting\/\",\"url\":\"https:\/\/solvingcom.com\/copywriting\/\",\"name\":\"COPYWRITING | Solving Communications\",\"isPartOf\":{\"@id\":\"https:\/\/solvingcom.com\/en\/#website\"},\"primaryImageOfPage\":{\"@id\":\"https:\/\/solvingcom.com\/copywriting\/#primaryimage\"},\"image\":{\"@id\":\"https:\/\/solvingcom.com\/copywriting\/#primaryimage\"},\"thumbnailUrl\":\"https:\/\/solvingcom.com\/wp-content\/uploads\/2025\/11\/COPYWRITING.png\",\"datePublished\":\"2025-11-24T18:43:36+00:00\",\"dateModified\":\"2025-11-24T20:41:18+00:00\",\"description\":\"We create engaging slogans, advertising campaigns, blog posts, and all content that defines your brand identity and drives growth.\",\"breadcrumb\":{\"@id\":\"https:\/\/solvingcom.com\/copywriting\/#breadcrumb\"},\"inLanguage\":\"sr-RS\",\"potentialAction\":[{\"@type\":\"ReadAction\",\"target\":[\"https:\/\/solvingcom.com\/copywriting\/\"]}]},{\"@type\":\"ImageObject\",\"inLanguage\":\"sr-RS\",\"@id\":\"https:\/\/solvingcom.com\/copywriting\/#primaryimage\",\"url\":\"https:\/\/solvingcom.com\/wp-content\/uploads\/2025\/11\/COPYWRITING.png\",\"contentUrl\":\"https:\/\/solvingcom.com\/wp-content\/uploads\/2025\/11\/COPYWRITING.png\",\"width\":512,\"height\":512,\"caption\":\"COPYWRITING\"},{\"@type\":\"BreadcrumbList\",\"@id\":\"https:\/\/solvingcom.com\/copywriting\/#breadcrumb\",\"itemListElement\":[{\"@type\":\"ListItem\",\"position\":1,\"name\":\"Home\",\"item\":\"https:\/\/solvingcom.com\/\"},{\"@type\":\"ListItem\",\"position\":2,\"name\":\"COPYWRITING\"}]},{\"@type\":\"WebSite\",\"@id\":\"https:\/\/solvingcom.com\/en\/#website\",\"url\":\"https:\/\/solvingcom.com\/en\/\",\"name\":\"Solving Communications\",\"description\":\"A Petite Agency Doing Great Things\",\"publisher\":{\"@id\":\"https:\/\/solvingcom.com\/en\/#organization\"},\"alternateName\":\"Corporate Video Production\",\"potentialAction\":[{\"@type\":\"SearchAction\",\"target\":{\"@type\":\"EntryPoint\",\"urlTemplate\":\"https:\/\/solvingcom.com\/en\/?s={search_term_string}\"},\"query-input\":{\"@type\":\"PropertyValueSpecification\",\"valueRequired\":true,\"valueName\":\"search_term_string\"}}],\"inLanguage\":\"sr-RS\"},{\"@type\":\"Organization\",\"@id\":\"https:\/\/solvingcom.com\/en\/#organization\",\"name\":\"Solving Communications\",\"alternateName\":\"Corporate Video Production\",\"url\":\"https:\/\/solvingcom.com\/en\/\",\"logo\":{\"@type\":\"ImageObject\",\"inLanguage\":\"sr-RS\",\"@id\":\"https:\/\/solvingcom.com\/en\/#\/schema\/logo\/image\/\",\"url\":\"https:\/\/solvingcom.com\/wp-content\/uploads\/2026\/02\/Solving-Logo.png\",\"contentUrl\":\"https:\/\/solvingcom.com\/wp-content\/uploads\/2026\/02\/Solving-Logo.png\",\"width\":584,\"height\":121,\"caption\":\"Solving Communications\"},\"image\":{\"@id\":\"https:\/\/solvingcom.com\/en\/#\/schema\/logo\/image\/\"},\"sameAs\":[\"https:\/\/www.facebook.com\/digitalvideosandevents\",\"https:\/\/www.instagram.com\/solving_production\/\",\"https:\/\/www.youtube.com\/@solvingcommunicationseood3764\",\"https:\/\/www.linkedin.com\/company\/solving\/posts\/?feedView=all\"]}]}<\/script>\n<!-- \/ Yoast SEO plugin. -->","yoast_head_json":{"title":"COPYWRITING | Solving Communications","description":"We create engaging slogans, advertising campaigns, blog posts, and all content that defines your brand identity and drives growth.","robots":{"index":"index","follow":"follow","max-snippet":"max-snippet:-1","max-image-preview":"max-image-preview:large","max-video-preview":"max-video-preview:-1"},"canonical":"https:\/\/solvingcom.com\/sr\/copywriting\/","og_locale":"sr_RS","og_type":"article","og_title":"COPYWRITING","og_description":"We create engaging slogans, advertising campaigns, blog posts, and all content that defines your brand identity and drives growth.","og_url":"https:\/\/solvingcom.com\/sr\/copywriting\/","og_site_name":"Solving Communications","article_publisher":"https:\/\/www.facebook.com\/digitalvideosandevents","article_modified_time":"2025-11-24T20:41:18+00:00","og_image":[{"width":512,"height":512,"url":"https:\/\/solvingcom.com\/wp-content\/uploads\/2025\/11\/COPYWRITING.png","type":"image\/png"}],"twitter_card":"summary_large_image","twitter_title":"COPYWRITING","twitter_description":"We create engaging slogans, advertising campaigns, blog posts, and all content that defines your brand identity and drives growth.","twitter_image":"https:\/\/solvingcom.com\/wp-content\/uploads\/2025\/11\/COPYWRITING.png","twitter_misc":{"\u041f\u0440\u043e\u0446\u0435\u045a\u0435\u043d\u043e \u0432\u0440\u0435\u043c\u0435 \u0447\u0438\u0442\u0430\u045a\u0430":"3 \u043c\u0438\u043d\u0443\u0442\u0430"},"schema":{"@context":"https:\/\/schema.org","@graph":[{"@type":"WebPage","@id":"https:\/\/solvingcom.com\/copywriting\/","url":"https:\/\/solvingcom.com\/copywriting\/","name":"COPYWRITING | Solving Communications","isPartOf":{"@id":"https:\/\/solvingcom.com\/en\/#website"},"primaryImageOfPage":{"@id":"https:\/\/solvingcom.com\/copywriting\/#primaryimage"},"image":{"@id":"https:\/\/solvingcom.com\/copywriting\/#primaryimage"},"thumbnailUrl":"https:\/\/solvingcom.com\/wp-content\/uploads\/2025\/11\/COPYWRITING.png","datePublished":"2025-11-24T18:43:36+00:00","dateModified":"2025-11-24T20:41:18+00:00","description":"We create engaging slogans, advertising campaigns, blog posts, and all content that defines your brand identity and drives growth.","breadcrumb":{"@id":"https:\/\/solvingcom.com\/copywriting\/#breadcrumb"},"inLanguage":"sr-RS","potentialAction":[{"@type":"ReadAction","target":["https:\/\/solvingcom.com\/copywriting\/"]}]},{"@type":"ImageObject","inLanguage":"sr-RS","@id":"https:\/\/solvingcom.com\/copywriting\/#primaryimage","url":"https:\/\/solvingcom.com\/wp-content\/uploads\/2025\/11\/COPYWRITING.png","contentUrl":"https:\/\/solvingcom.com\/wp-content\/uploads\/2025\/11\/COPYWRITING.png","width":512,"height":512,"caption":"COPYWRITING"},{"@type":"BreadcrumbList","@id":"https:\/\/solvingcom.com\/copywriting\/#breadcrumb","itemListElement":[{"@type":"ListItem","position":1,"name":"Home","item":"https:\/\/solvingcom.com\/"},{"@type":"ListItem","position":2,"name":"COPYWRITING"}]},{"@type":"WebSite","@id":"https:\/\/solvingcom.com\/en\/#website","url":"https:\/\/solvingcom.com\/en\/","name":"Solving Communications","description":"A Petite Agency Doing Great Things","publisher":{"@id":"https:\/\/solvingcom.com\/en\/#organization"},"alternateName":"Corporate Video Production","potentialAction":[{"@type":"SearchAction","target":{"@type":"EntryPoint","urlTemplate":"https:\/\/solvingcom.com\/en\/?s={search_term_string}"},"query-input":{"@type":"PropertyValueSpecification","valueRequired":true,"valueName":"search_term_string"}}],"inLanguage":"sr-RS"},{"@type":"Organization","@id":"https:\/\/solvingcom.com\/en\/#organization","name":"Solving Communications","alternateName":"Corporate Video Production","url":"https:\/\/solvingcom.com\/en\/","logo":{"@type":"ImageObject","inLanguage":"sr-RS","@id":"https:\/\/solvingcom.com\/en\/#\/schema\/logo\/image\/","url":"https:\/\/solvingcom.com\/wp-content\/uploads\/2026\/02\/Solving-Logo.png","contentUrl":"https:\/\/solvingcom.com\/wp-content\/uploads\/2026\/02\/Solving-Logo.png","width":584,"height":121,"caption":"Solving Communications"},"image":{"@id":"https:\/\/solvingcom.com\/en\/#\/schema\/logo\/image\/"},"sameAs":["https:\/\/www.facebook.com\/digitalvideosandevents","https:\/\/www.instagram.com\/solving_production\/","https:\/\/www.youtube.com\/@solvingcommunicationseood3764","https:\/\/www.linkedin.com\/company\/solving\/posts\/?feedView=all"]}]}},"_links":{"self":[{"href":"https:\/\/solvingcom.com\/sr\/wp-json\/wp\/v2\/pages\/5992","targetHints":{"allow":["GET"]}}],"collection":[{"href":"https:\/\/solvingcom.com\/sr\/wp-json\/wp\/v2\/pages"}],"about":[{"href":"https:\/\/solvingcom.com\/sr\/wp-json\/wp\/v2\/types\/page"}],"author":[{"embeddable":true,"href":"https:\/\/solvingcom.com\/sr\/wp-json\/wp\/v2\/users\/4"}],"replies":[{"embeddable":true,"href":"https:\/\/solvingcom.com\/sr\/wp-json\/wp\/v2\/comments?post=5992"}],"version-history":[{"count":0,"href":"https:\/\/solvingcom.com\/sr\/wp-json\/wp\/v2\/pages\/5992\/revisions"}],"wp:featuredmedia":[{"embeddable":true,"href":"https:\/\/solvingcom.com\/sr\/wp-json\/wp\/v2\/media\/6000"}],"wp:attachment":[{"href":"https:\/\/solvingcom.com\/sr\/wp-json\/wp\/v2\/media?parent=5992"}],"curies":[{"name":"wp","href":"https:\/\/api.w.org\/{rel}","templated":true}]}}