{"id":5842,"date":"2025-07-31T08:33:44","date_gmt":"2025-07-31T08:33:44","guid":{"rendered":"https:\/\/solvingcom.com\/?page_id=5842"},"modified":"2026-02-04T12:51:35","modified_gmt":"2026-02-04T12:51:35","slug":"interactive-media-ibis","status":"publish","type":"page","link":"https:\/\/solvingcom.com\/sr\/interactive-media-ibis\/","title":{"rendered":"Interactive Media &#038; IBIS"},"content":{"rendered":"<div class=\"wpb-content-wrapper\"><div class=\"vc_row wpb_row vc_row-fluid\"><div class=\"wpb_column vc_column_container vc_col-sm-12\"><div class=\"vc_column-inner\"><div class=\"wpb_wrapper\"><script id='custom-style-69e0aaea999b4' type='text\/javascript'>(function($) {$(document).ready(function() {$(\"head\").append(\"<style>#heading-69e0aaea999ae{text-align: left;font-weight: 100;text-transform: none}<\/style>\");});})(jQuery);<\/script><h3 id=\"heading-69e0aaea999ae\" class=\"vc_custom_heading\">IBIS se najbolje mo\u017ee opisati kao personalizovani radio ili TV sa reklamama, koji se emituje u oblaku, odakle svaki korisnik\/lokacija preuzima i distribuira sadr\u017eaj preko sistema zvu\u010dnika i\/ili ekrana.<\/h3><\/div><\/div><\/div><\/div><div class=\"vc_row wpb_row vc_row-fluid\"><div class=\"wpb_column vc_column_container vc_col-sm-6\"><div class=\"vc_column-inner\"><div class=\"wpb_wrapper\"><div class=\"vc_empty_space\"   style=\"height: 32px\"><span class=\"vc_empty_space_inner\"><\/span><\/div>\n\t<div class=\"wpb_text_column wpb_content_element\" >\n\t\t<div class=\"wpb_wrapper\">\n\t\t\t<p><strong>KOME JE  NAMENJEN OVAJ SISTEM?<\/strong><br \/>\nVlasnicima lanaca maloprodajnih objekata  koji \u017eele da se u isto vreme u svim objektima  sa internog audio i\/ili video sistema  emituje  personalizovani program  za  potro\u0161a\u010de sa  pozivom na akciju.<\/p>\n<p><strong>IBIS-AUDIO JE PRILAGO\u0110EN...<\/strong><br \/>\nProdavnicama u kojima je dominantan<br \/>\naudio sistem obave\u0161tavanja - Odgovaraju\u0107a  selekcija  muzike i obavi\u0161tenja u  formi  radio  reklama \u2013 Call To Action<br \/>\nUkoliko ne postoje tehni\u010dki uslovi mo\u017eemo predlo\u017eiti re\u0161enje.<\/p>\n\n\t\t<\/div>\n\t<\/div>\n<\/div><\/div><\/div><div class=\"wpb_column vc_column_container vc_col-sm-6\"><div class=\"vc_column-inner\"><div class=\"wpb_wrapper\"><div class=\"vc_empty_space\"   style=\"height: 20px\"><span class=\"vc_empty_space_inner\"><\/span><\/div>\n\t<div  class=\"wpb_single_image wpb_content_element vc_align_center wpb_content_element  floating\">\n\t\t\n\t\t<figure class=\"wpb_wrapper vc_figure\">\n\t\t\t<div class=\"vc_single_image-wrapper   vc_box_border_grey\"><img decoding=\"async\" width=\"300\" height=\"211\" src=\"https:\/\/solvingcom.com\/wp-content\/uploads\/2025\/07\/ibis-300x211.png\" class=\"vc_single_image-img attachment-medium\" alt=\"Interactive Media &amp; IBIS\" title=\"Interactive Media &amp; IBIS\" srcset=\"https:\/\/solvingcom.com\/wp-content\/uploads\/2025\/07\/ibis-300x211.png 300w, https:\/\/solvingcom.com\/wp-content\/uploads\/2025\/07\/ibis-1024x719.png 1024w, https:\/\/solvingcom.com\/wp-content\/uploads\/2025\/07\/ibis-768x539.png 768w, https:\/\/solvingcom.com\/wp-content\/uploads\/2025\/07\/ibis-18x12.png 18w, https:\/\/solvingcom.com\/wp-content\/uploads\/2025\/07\/ibis.png 1377w\" sizes=\"(max-width: 300px) 100vw, 300px\" \/><\/div>\n\t\t<\/figure>\n\t<\/div>\n<\/div><\/div><\/div><\/div><div class=\"vc_row wpb_row vc_row-fluid vc_custom_1710071585862 vc_row-has-fill\"><div class=\"wpb_column vc_column_container vc_col-sm-6\"><div class=\"vc_column-inner\"><div class=\"wpb_wrapper\">\n\t<div class=\"wpb_video_widget wpb_content_element vc_clearfix   vc_video-aspect-ratio-169 vc_video-el-width-100 vc_video-align-left\" >\n\t\t<div class=\"wpb_wrapper\">\n\t\t\t\n\t\t\t<div class=\"wpb_video_wrapper\"><iframe loading=\"lazy\" title=\"IBIS\" width=\"500\" height=\"281\" src=\"https:\/\/www.youtube.com\/embed\/N1CFoK9BGNs?feature=oembed\" frameborder=\"0\" allow=\"accelerometer; autoplay; clipboard-write; encrypted-media; gyroscope; picture-in-picture; web-share\" referrerpolicy=\"strict-origin-when-cross-origin\" allowfullscreen><\/iframe><\/div>\n\t\t<\/div>\n\t<\/div>\n<\/div><\/div><\/div><div class=\"wpb_column vc_column_container vc_col-sm-6\"><div class=\"vc_column-inner\"><div class=\"wpb_wrapper\">\n\t<div class=\"wpb_text_column wpb_content_element\" >\n\t\t<div class=\"wpb_wrapper\">\n\t\t\t<p><strong>IBIS-VIDEO JE PRILAGO\u0110EN...<\/strong><br \/>\nProdavnicama  u  kojima  postoji  video  sistem  (TV, tableti, monitori...) preko  koga  se  emituje  video<br \/>\n- Svaki  ure\u0111aj  mora  da  ima  pristup  internetu.<br \/>\nUkoliko ne postoje tehni\u010dki uslovi mo\u017eemo predlo\u017eiti re\u0161enje.<\/p>\n<p>Program se emituje iz jednog centra kome se pristupa daljinski i a\u017eurira sadr\u017eaj.<br \/>\nProgram se preuzima preko interneta sa dodeljene adrese na kojoj se nalazi audio\/video plejer.<\/p>\n\n\t\t<\/div>\n\t<\/div>\n<\/div><\/div><\/div><\/div><div class=\"vc_row wpb_row vc_row-fluid\"><div class=\"wpb_column vc_column_container vc_col-sm-6\"><div class=\"vc_column-inner\"><div class=\"wpb_wrapper\"><div class=\"vc_empty_space\"   style=\"height: 20px\"><span class=\"vc_empty_space_inner\"><\/span><\/div>\n\t<div class=\"wpb_text_column wpb_content_element\" >\n\t\t<div class=\"wpb_wrapper\">\n\t\t\t<p><strong>KOLIKO JEDINICA MO\u017dE DA PRATI PERSONALIZOVANI PROGRAM?<\/strong><br \/>\nSistem  nema  ograni\u010denja  na  broj  jedinica  u  kojima  se  emituje<\/p>\n<p><strong>KO  JO\u0160 MO\u017dE  DA  SLU\u0160A\/GLEDA?<\/strong><br \/>\nBilo ko, bilo gde, preko plejera dostupnog na web sajtu.<\/p>\n\n\t\t<\/div>\n\t<\/div>\n<div class=\"vc_empty_space\"   style=\"height: 20px\"><span class=\"vc_empty_space_inner\"><\/span><\/div>\n\t<div class=\"wpb_text_column wpb_content_element\" >\n\t\t<div class=\"wpb_wrapper\">\n\t\t\t<p><strong>...I JO\u0160<\/strong><br \/>\n\u010cinjenica  da  IBIS  sistem  ide  preko  plejera  na  web  stranici,  doprinosi  da  zbog  aktivnosti   takav  sajt  ima  ve\u0107i  promet  i  da  se  bolje  pozicionira  na  pretra\u017eiva\u010dima.<\/p>\n\n\t\t<\/div>\n\t<\/div>\n<\/div><\/div><\/div><div class=\"wpb_column vc_column_container vc_col-sm-6\"><div class=\"vc_column-inner\"><div class=\"wpb_wrapper\">\n\t<script id='custom-style-69e0aaea9ebe5' type='text\/javascript'>(function($) {$(document).ready(function() {$(\"head\").append(\"<style>#icon-boxes--icon-69e0aaea9de85{background-image: url('https:\/\/solvingcom.com\/wp-content\/uploads\/2017\/01\/icon-bg-04.png')}<\/style>\");});})(jQuery);<\/script>    <div class=\"icon_on_top icon-boxes\">\n\t\t            <div class=\"icon-boxes--icon\" id=\"icon-boxes--icon-69e0aaea9de85\">\n\t\t\t\t<i class='ion-radio-waves' ><\/i>            <\/div>\n\t\t        <div class=\"icon-boxes--inner\">\n\t\t\t<h5 class=\"icon-boxes--title nd-font\">\t\t\t\t\t\t<\/h5>            <div class=\"icon-boxes--content\"><\/div>\n\t\t\t        <\/div>\n    <\/div>\n<div class=\"vc_empty_space\"   style=\"height: 20px\"><span class=\"vc_empty_space_inner\"><\/span><\/div>\n\t<div class=\"wpb_text_column wpb_content_element\" >\n\t\t<div class=\"wpb_wrapper\">\n\t\t\t<h4 style=\"text-align: center;\">\u00a0Po\u0161aljite upit na:<br \/>\n<strong><a href=\"mailto:solvingcom.eu@gmail.com\" target=\"_blank\" rel=\"noopener\">solvingcom.eu@gmail.com<\/a><\/strong><\/h4>\n\n\t\t<\/div>\n\t<\/div>\n<\/div><\/div><\/div><\/div><div data-vc-full-width=\"true\" data-vc-full-width-temp=\"true\" data-vc-full-width-init=\"false\" class=\"vc_row wpb_row vc_row-fluid vc_custom_1705496323673 vc_row-has-fill\"><div class=\"wpb_column vc_column_container vc_col-sm-12\"><div class=\"vc_column-inner\"><div class=\"wpb_wrapper\"><div class=\"vc_empty_space\"   style=\"height: 10px\"><span class=\"vc_empty_space_inner\"><\/span><\/div>\n\t<div  class=\"wpb_single_image wpb_content_element vc_align_center wpb_content_element vc_custom_1705496260103\">\n\t\t\n\t\t<figure class=\"wpb_wrapper vc_figure\">\n\t\t\t<div class=\"vc_single_image-wrapper   vc_box_border_grey\"><img decoding=\"async\" src=\"https:\/\/solvingcom.com\/wp-content\/uploads\/2016\/12\/line.png\" class=\"vc_single_image-img attachment-full\" alt=\"line\" title=\"line\" \/><\/div>\n\t\t<\/figure>\n\t<\/div>\n<\/div><\/div><\/div><\/div><div class=\"vc_row-full-width vc_clearfix\"><\/div><div class=\"vc_row wpb_row vc_row-fluid\"><div class=\"wpb_column vc_column_container vc_col-sm-6\"><div class=\"vc_column-inner\"><div class=\"wpb_wrapper\"><script id='custom-style-69e0aaeaa00f6' type='text\/javascript'>(function($) {$(document).ready(function() {$(\"head\").append(\"<style>#heading-69e0aaeaa00f0{text-align: left;font-weight: 100;text-transform: none}<\/style>\");});})(jQuery);<\/script><h3 id=\"heading-69e0aaeaa00f0\" class=\"vc_custom_heading\">STVARANJE NE\u010cEG IZUZETNOG,<br \/>\nPOVERITE PROFESIONALCIMA<\/h3>\n\t<div class=\"wpb_text_column wpb_content_element\" >\n\t\t<div class=\"wpb_wrapper\">\n\t\t\t<p>Na\u0161u video produkciju sa\u010dinjavaju eksperti koji se vi\u0161e od dve decenije bave vizualnom umetno\u0161\u0107u i specijalnim efektima.<\/p>\n\n\t\t<\/div>\n\t<\/div>\n<div class=\"vc_empty_space\"   style=\"height: 32px\"><span class=\"vc_empty_space_inner\"><\/span><\/div><\/div><\/div><\/div><div class=\"wpb_column vc_column_container vc_col-sm-6\"><div class=\"vc_column-inner\"><div class=\"wpb_wrapper\">\n\t<div  class=\"wpb_single_image wpb_content_element vc_align_left wpb_content_element\">\n\t\t\n\t\t<figure class=\"wpb_wrapper vc_figure\">\n\t\t\t<div class=\"vc_single_image-wrapper   vc_box_border_grey\"><img decoding=\"async\" width=\"300\" height=\"62\" src=\"https:\/\/solvingcom.com\/wp-content\/uploads\/2026\/02\/Solving-Logo-300x62.png\" class=\"vc_single_image-img attachment-medium\" alt=\"Solving-Logo\" title=\"Solving-Logo\" srcset=\"https:\/\/solvingcom.com\/wp-content\/uploads\/2026\/02\/Solving-Logo-300x62.png 300w, https:\/\/solvingcom.com\/wp-content\/uploads\/2026\/02\/Solving-Logo-18x4.png 18w, https:\/\/solvingcom.com\/wp-content\/uploads\/2026\/02\/Solving-Logo.png 584w\" sizes=\"(max-width: 300px) 100vw, 300px\" \/><\/div>\n\t\t<\/figure>\n\t<\/div>\n<div class=\"insight-button style01 align-none\">\n\t    <a href=\"https:\/\/solvingcom.com\/contact-us\/\"\n       target=\"_blank\"\n       rel=\"\">kontaktirajte nas<\/a>\n<\/div>\n<\/div><\/div><\/div><\/div>\n<\/div>","protected":false},"excerpt":{"rendered":"IBIS is best described as a personalized radio or TV with advertisements, streamed to the cloud, from where each user\/location downloads and distributes it through a system of speakers and\/or screens. WHO IS THIS SYSTEM FOR? It is intended for owners of retail store chains who want to broadcast a personalized program with a call...","protected":false},"author":4,"featured_media":5845,"parent":0,"menu_order":0,"comment_status":"closed","ping_status":"closed","template":"","meta":{"footnotes":""},"class_list":["post-5842","page","type-page","status-publish","has-post-thumbnail","hentry"],"yoast_head":"<!-- This site is optimized with the Yoast SEO plugin v27.1.1 - https:\/\/yoast.com\/product\/yoast-seo-wordpress\/ -->\n<title>Interactive Media &amp; IBIS | Solving Communications<\/title>\n<meta name=\"description\" content=\"IBIS streams personalized radio or TV with ads to the cloud, where each location downloads and plays it via speakers and\/or screens.\" \/>\n<meta name=\"robots\" content=\"index, follow, max-snippet:-1, max-image-preview:large, max-video-preview:-1\" \/>\n<link rel=\"canonical\" href=\"https:\/\/solvingcom.com\/sr\/interactive-media-ibis\/\" \/>\n<meta property=\"og:locale\" content=\"sr_RS\" \/>\n<meta property=\"og:type\" content=\"article\" \/>\n<meta property=\"og:title\" content=\"Interactive Media &amp; IBIS\" \/>\n<meta property=\"og:description\" content=\"IBIS streams personalized radio or TV with ads to the cloud, where each location downloads and plays it via speakers and\/or screens.\" \/>\n<meta property=\"og:url\" content=\"https:\/\/solvingcom.com\/sr\/interactive-media-ibis\/\" \/>\n<meta property=\"og:site_name\" content=\"Solving Communications\" \/>\n<meta property=\"article:publisher\" content=\"https:\/\/www.facebook.com\/digitalvideosandevents\" \/>\n<meta property=\"article:modified_time\" content=\"2026-02-04T12:51:35+00:00\" \/>\n<meta property=\"og:image\" content=\"https:\/\/solvingcom.com\/wp-content\/uploads\/2025\/07\/ibis.png\" \/>\n\t<meta property=\"og:image:width\" content=\"1377\" \/>\n\t<meta property=\"og:image:height\" content=\"967\" \/>\n\t<meta property=\"og:image:type\" content=\"image\/png\" \/>\n<meta name=\"twitter:card\" content=\"summary_large_image\" \/>\n<meta name=\"twitter:title\" content=\"Interactive Media &amp; IBIS\" \/>\n<meta name=\"twitter:description\" content=\"IBIS streams personalized radio or TV with ads to the cloud, where each location downloads and plays it via speakers and\/or screens.\" \/>\n<meta name=\"twitter:image\" content=\"https:\/\/solvingcom.com\/wp-content\/uploads\/2025\/07\/ibis.png\" \/>\n<meta name=\"twitter:label1\" content=\"\u041f\u0440\u043e\u0446\u0435\u045a\u0435\u043d\u043e \u0432\u0440\u0435\u043c\u0435 \u0447\u0438\u0442\u0430\u045a\u0430\" \/>\n\t<meta name=\"twitter:data1\" content=\"3 \u043c\u0438\u043d\u0443\u0442\u0430\" \/>\n<script type=\"application\/ld+json\" class=\"yoast-schema-graph\">{\"@context\":\"https:\/\/schema.org\",\"@graph\":[{\"@type\":\"WebPage\",\"@id\":\"https:\/\/solvingcom.com\/interactive-media-ibis\/\",\"url\":\"https:\/\/solvingcom.com\/interactive-media-ibis\/\",\"name\":\"Interactive Media & IBIS | Solving Communications\",\"isPartOf\":{\"@id\":\"https:\/\/solvingcom.com\/en\/#website\"},\"primaryImageOfPage\":{\"@id\":\"https:\/\/solvingcom.com\/interactive-media-ibis\/#primaryimage\"},\"image\":{\"@id\":\"https:\/\/solvingcom.com\/interactive-media-ibis\/#primaryimage\"},\"thumbnailUrl\":\"https:\/\/solvingcom.com\/wp-content\/uploads\/2025\/07\/ibis.png\",\"datePublished\":\"2025-07-31T08:33:44+00:00\",\"dateModified\":\"2026-02-04T12:51:35+00:00\",\"description\":\"IBIS streams personalized radio or TV with ads to the cloud, where each location downloads and plays it via speakers and\/or screens.\",\"breadcrumb\":{\"@id\":\"https:\/\/solvingcom.com\/interactive-media-ibis\/#breadcrumb\"},\"inLanguage\":\"sr-RS\",\"potentialAction\":[{\"@type\":\"ReadAction\",\"target\":[\"https:\/\/solvingcom.com\/interactive-media-ibis\/\"]}]},{\"@type\":\"ImageObject\",\"inLanguage\":\"sr-RS\",\"@id\":\"https:\/\/solvingcom.com\/interactive-media-ibis\/#primaryimage\",\"url\":\"https:\/\/solvingcom.com\/wp-content\/uploads\/2025\/07\/ibis.png\",\"contentUrl\":\"https:\/\/solvingcom.com\/wp-content\/uploads\/2025\/07\/ibis.png\",\"width\":1377,\"height\":967,\"caption\":\"Interactive Media & IBIS\"},{\"@type\":\"BreadcrumbList\",\"@id\":\"https:\/\/solvingcom.com\/interactive-media-ibis\/#breadcrumb\",\"itemListElement\":[{\"@type\":\"ListItem\",\"position\":1,\"name\":\"Home\",\"item\":\"https:\/\/solvingcom.com\/\"},{\"@type\":\"ListItem\",\"position\":2,\"name\":\"Interactive Media &#038; IBIS\"}]},{\"@type\":\"WebSite\",\"@id\":\"https:\/\/solvingcom.com\/en\/#website\",\"url\":\"https:\/\/solvingcom.com\/en\/\",\"name\":\"Solving Communications\",\"description\":\"A Petite Agency Doing Great Things\",\"publisher\":{\"@id\":\"https:\/\/solvingcom.com\/en\/#organization\"},\"alternateName\":\"Corporate Video Production\",\"potentialAction\":[{\"@type\":\"SearchAction\",\"target\":{\"@type\":\"EntryPoint\",\"urlTemplate\":\"https:\/\/solvingcom.com\/en\/?s={search_term_string}\"},\"query-input\":{\"@type\":\"PropertyValueSpecification\",\"valueRequired\":true,\"valueName\":\"search_term_string\"}}],\"inLanguage\":\"sr-RS\"},{\"@type\":\"Organization\",\"@id\":\"https:\/\/solvingcom.com\/en\/#organization\",\"name\":\"Solving Communications\",\"alternateName\":\"Corporate Video Production\",\"url\":\"https:\/\/solvingcom.com\/en\/\",\"logo\":{\"@type\":\"ImageObject\",\"inLanguage\":\"sr-RS\",\"@id\":\"https:\/\/solvingcom.com\/en\/#\/schema\/logo\/image\/\",\"url\":\"https:\/\/solvingcom.com\/wp-content\/uploads\/2026\/02\/Solving-Logo.png\",\"contentUrl\":\"https:\/\/solvingcom.com\/wp-content\/uploads\/2026\/02\/Solving-Logo.png\",\"width\":584,\"height\":121,\"caption\":\"Solving Communications\"},\"image\":{\"@id\":\"https:\/\/solvingcom.com\/en\/#\/schema\/logo\/image\/\"},\"sameAs\":[\"https:\/\/www.facebook.com\/digitalvideosandevents\",\"https:\/\/www.instagram.com\/solving_production\/\",\"https:\/\/www.youtube.com\/@solvingcommunicationseood3764\",\"https:\/\/www.linkedin.com\/company\/solving\/posts\/?feedView=all\"]}]}<\/script>\n<!-- \/ Yoast SEO plugin. -->","yoast_head_json":{"title":"Interactive Media & IBIS | Solving Communications","description":"IBIS streams personalized radio or TV with ads to the cloud, where each location downloads and plays it via speakers and\/or screens.","robots":{"index":"index","follow":"follow","max-snippet":"max-snippet:-1","max-image-preview":"max-image-preview:large","max-video-preview":"max-video-preview:-1"},"canonical":"https:\/\/solvingcom.com\/sr\/interactive-media-ibis\/","og_locale":"sr_RS","og_type":"article","og_title":"Interactive Media & IBIS","og_description":"IBIS streams personalized radio or TV with ads to the cloud, where each location downloads and plays it via speakers and\/or screens.","og_url":"https:\/\/solvingcom.com\/sr\/interactive-media-ibis\/","og_site_name":"Solving Communications","article_publisher":"https:\/\/www.facebook.com\/digitalvideosandevents","article_modified_time":"2026-02-04T12:51:35+00:00","og_image":[{"width":1377,"height":967,"url":"https:\/\/solvingcom.com\/wp-content\/uploads\/2025\/07\/ibis.png","type":"image\/png"}],"twitter_card":"summary_large_image","twitter_title":"Interactive Media & IBIS","twitter_description":"IBIS streams personalized radio or TV with ads to the cloud, where each location downloads and plays it via speakers and\/or screens.","twitter_image":"https:\/\/solvingcom.com\/wp-content\/uploads\/2025\/07\/ibis.png","twitter_misc":{"\u041f\u0440\u043e\u0446\u0435\u045a\u0435\u043d\u043e \u0432\u0440\u0435\u043c\u0435 \u0447\u0438\u0442\u0430\u045a\u0430":"3 \u043c\u0438\u043d\u0443\u0442\u0430"},"schema":{"@context":"https:\/\/schema.org","@graph":[{"@type":"WebPage","@id":"https:\/\/solvingcom.com\/interactive-media-ibis\/","url":"https:\/\/solvingcom.com\/interactive-media-ibis\/","name":"Interactive Media & IBIS | Solving Communications","isPartOf":{"@id":"https:\/\/solvingcom.com\/en\/#website"},"primaryImageOfPage":{"@id":"https:\/\/solvingcom.com\/interactive-media-ibis\/#primaryimage"},"image":{"@id":"https:\/\/solvingcom.com\/interactive-media-ibis\/#primaryimage"},"thumbnailUrl":"https:\/\/solvingcom.com\/wp-content\/uploads\/2025\/07\/ibis.png","datePublished":"2025-07-31T08:33:44+00:00","dateModified":"2026-02-04T12:51:35+00:00","description":"IBIS streams personalized radio or TV with ads to the cloud, where each location downloads and plays it via speakers and\/or screens.","breadcrumb":{"@id":"https:\/\/solvingcom.com\/interactive-media-ibis\/#breadcrumb"},"inLanguage":"sr-RS","potentialAction":[{"@type":"ReadAction","target":["https:\/\/solvingcom.com\/interactive-media-ibis\/"]}]},{"@type":"ImageObject","inLanguage":"sr-RS","@id":"https:\/\/solvingcom.com\/interactive-media-ibis\/#primaryimage","url":"https:\/\/solvingcom.com\/wp-content\/uploads\/2025\/07\/ibis.png","contentUrl":"https:\/\/solvingcom.com\/wp-content\/uploads\/2025\/07\/ibis.png","width":1377,"height":967,"caption":"Interactive Media & IBIS"},{"@type":"BreadcrumbList","@id":"https:\/\/solvingcom.com\/interactive-media-ibis\/#breadcrumb","itemListElement":[{"@type":"ListItem","position":1,"name":"Home","item":"https:\/\/solvingcom.com\/"},{"@type":"ListItem","position":2,"name":"Interactive Media &#038; IBIS"}]},{"@type":"WebSite","@id":"https:\/\/solvingcom.com\/en\/#website","url":"https:\/\/solvingcom.com\/en\/","name":"Solving Communications","description":"A Petite Agency Doing Great Things","publisher":{"@id":"https:\/\/solvingcom.com\/en\/#organization"},"alternateName":"Corporate Video Production","potentialAction":[{"@type":"SearchAction","target":{"@type":"EntryPoint","urlTemplate":"https:\/\/solvingcom.com\/en\/?s={search_term_string}"},"query-input":{"@type":"PropertyValueSpecification","valueRequired":true,"valueName":"search_term_string"}}],"inLanguage":"sr-RS"},{"@type":"Organization","@id":"https:\/\/solvingcom.com\/en\/#organization","name":"Solving Communications","alternateName":"Corporate Video Production","url":"https:\/\/solvingcom.com\/en\/","logo":{"@type":"ImageObject","inLanguage":"sr-RS","@id":"https:\/\/solvingcom.com\/en\/#\/schema\/logo\/image\/","url":"https:\/\/solvingcom.com\/wp-content\/uploads\/2026\/02\/Solving-Logo.png","contentUrl":"https:\/\/solvingcom.com\/wp-content\/uploads\/2026\/02\/Solving-Logo.png","width":584,"height":121,"caption":"Solving Communications"},"image":{"@id":"https:\/\/solvingcom.com\/en\/#\/schema\/logo\/image\/"},"sameAs":["https:\/\/www.facebook.com\/digitalvideosandevents","https:\/\/www.instagram.com\/solving_production\/","https:\/\/www.youtube.com\/@solvingcommunicationseood3764","https:\/\/www.linkedin.com\/company\/solving\/posts\/?feedView=all"]}]}},"_links":{"self":[{"href":"https:\/\/solvingcom.com\/sr\/wp-json\/wp\/v2\/pages\/5842","targetHints":{"allow":["GET"]}}],"collection":[{"href":"https:\/\/solvingcom.com\/sr\/wp-json\/wp\/v2\/pages"}],"about":[{"href":"https:\/\/solvingcom.com\/sr\/wp-json\/wp\/v2\/types\/page"}],"author":[{"embeddable":true,"href":"https:\/\/solvingcom.com\/sr\/wp-json\/wp\/v2\/users\/4"}],"replies":[{"embeddable":true,"href":"https:\/\/solvingcom.com\/sr\/wp-json\/wp\/v2\/comments?post=5842"}],"version-history":[{"count":2,"href":"https:\/\/solvingcom.com\/sr\/wp-json\/wp\/v2\/pages\/5842\/revisions"}],"predecessor-version":[{"id":6176,"href":"https:\/\/solvingcom.com\/sr\/wp-json\/wp\/v2\/pages\/5842\/revisions\/6176"}],"wp:featuredmedia":[{"embeddable":true,"href":"https:\/\/solvingcom.com\/sr\/wp-json\/wp\/v2\/media\/5845"}],"wp:attachment":[{"href":"https:\/\/solvingcom.com\/sr\/wp-json\/wp\/v2\/media?parent=5842"}],"curies":[{"name":"wp","href":"https:\/\/api.w.org\/{rel}","templated":true}]}}