{"id":5302,"date":"2024-06-07T11:39:07","date_gmt":"2024-06-07T11:39:07","guid":{"rendered":"https:\/\/solvingcom.com\/?page_id=5302"},"modified":"2024-06-07T17:11:37","modified_gmt":"2024-06-07T17:11:37","slug":"team-building-business-theater","status":"publish","type":"page","link":"https:\/\/solvingcom.com\/sr\/team-building-business-theater\/","title":{"rendered":"Team Building"},"content":{"rendered":"<div class=\"wpb-content-wrapper\"><div class=\"vc_row wpb_row vc_row-fluid\"><div class=\"wpb_column vc_column_container vc_col-sm-12\"><div class=\"vc_column-inner\"><div class=\"wpb_wrapper\"><script id='custom-style-69d27f5e3b718' type='text\/javascript'>(function($) {$(document).ready(function() {$(\"head\").append(\"<style>#heading-69d27f5e3b710{text-align: left;font-weight: 100;text-transform: none}<\/style>\");});})(jQuery);<\/script><h3 id=\"heading-69d27f5e3b710\" class=\"vc_custom_heading\">Team building  \"Biznis Teatar\": Kako unaprediti svoj tim.<br \/>\nSolving Communications predstavlja inovativni koncept, Team Building \"Biznis Teatar\".<\/h3><\/div><\/div><\/div><\/div><div class=\"vc_row wpb_row vc_row-fluid\"><div class=\"wpb_column vc_column_container vc_col-sm-6\"><div class=\"vc_column-inner\"><div class=\"wpb_wrapper\"><div class=\"vc_empty_space\"   style=\"height: 32px\"><span class=\"vc_empty_space_inner\"><\/span><\/div>\n\t<div  class=\"wpb_single_image wpb_content_element vc_align_center wpb_content_element  floating\">\n\t\t\n\t\t<figure class=\"wpb_wrapper vc_figure\">\n\t\t\t<div class=\"vc_single_image-wrapper   vc_box_border_grey\"><img decoding=\"async\" width=\"300\" height=\"300\" src=\"https:\/\/solvingcom.com\/wp-content\/uploads\/2024\/06\/Theater-1.png\" class=\"vc_single_image-img attachment-medium\" alt=\"Team Building Theater\" title=\"Team Building Theater\" srcset=\"https:\/\/solvingcom.com\/wp-content\/uploads\/2024\/06\/Theater-1.png 300w, https:\/\/solvingcom.com\/wp-content\/uploads\/2024\/06\/Theater-1-150x150.png 150w, https:\/\/solvingcom.com\/wp-content\/uploads\/2024\/06\/Theater-1-12x12.png 12w, https:\/\/solvingcom.com\/wp-content\/uploads\/2024\/06\/Theater-1-80x80.png 80w\" sizes=\"(max-width: 300px) 100vw, 300px\" \/><\/div>\n\t\t<\/figure>\n\t<\/div>\n<\/div><\/div><\/div><div class=\"wpb_column vc_column_container vc_col-sm-6\"><div class=\"vc_column-inner\"><div class=\"wpb_wrapper\"><div class=\"vc_empty_space\"   style=\"height: 20px\"><span class=\"vc_empty_space_inner\"><\/span><\/div>\n\t<div class=\"wpb_text_column wpb_content_element\" >\n\t\t<div class=\"wpb_wrapper\">\n\t\t\t<p>Team Building  koncept 'Biznis Teatar' je osmi\u0161ljen da omoguc\u0301i stvaranje odli\u010dne dramske predstave u zadatom vremenskom okviru pratec\u0301i uputstva instruktorar (<a href=\"https:\/\/borisdjuric.com\/\">Boris \u0110uri\u0107<\/a>) koji je sertifikovani pozori\u0161ni producent i komunikolog. Strukturisan je tako da se po potrebi mo\u017ee uspe\u0161no izvoditi i na otvorenom iu zatvorenom prostoru. Ovaj koncept je pogodan i za male i za velike grupe, bilo da je u pitanju monodrama ili vec\u0301a dramska postavka sa vi\u0161e uloga.<\/p>\n\n\t\t<\/div>\n\t<\/div>\n<\/div><\/div><\/div><\/div><div class=\"vc_row wpb_row vc_row-fluid vc_custom_1717779170172 vc_row-has-fill\"><div class=\"wpb_column vc_column_container vc_col-sm-6\"><div class=\"vc_column-inner\"><div class=\"wpb_wrapper\">\n\t<div class=\"wpb_text_column wpb_content_element\" >\n\t\t<div class=\"wpb_wrapper\">\n\t\t\t<p>U \"Biznis Teatru\", pored kompeticije timova i pojedinaca, ve\u017eba se:<br \/>\na) Javni nastup<br \/>\nb) Kreativno pisanje<br \/>\nc) Aktivno slu\u0161anje<br \/>\nd) Dono\u0161enje odluke pod pritiskom<br \/>\ne) Brzo razmi\u0161ljanje i improvizacija<br \/>\nf) Timski rad<br \/>\ng) Liderstvo i preuzimanje odgovornosti<br \/>\nh) Po\u0161tovanje rokova<br \/>\ni)  Razmi\u0161ljanje \"Outside-The-Box\" za re\u0161enje \"problema\".<\/p>\n\n\t\t<\/div>\n\t<\/div>\n<\/div><\/div><\/div><div class=\"wpb_column vc_column_container vc_col-sm-6\"><div class=\"vc_column-inner\"><div class=\"wpb_wrapper\">\n\t<div  class=\"wpb_single_image wpb_content_element vc_align_right wpb_content_element\">\n\t\t\n\t\t<figure class=\"wpb_wrapper vc_figure\">\n\t\t\t<div class=\"vc_single_image-wrapper   vc_box_border_grey\"><img decoding=\"async\" width=\"1024\" height=\"575\" src=\"https:\/\/solvingcom.com\/wp-content\/uploads\/2021\/03\/team-building-1024x575-1.jpeg\" class=\"vc_single_image-img attachment-full\" alt=\"team-building\" title=\"team-building-1024x575\" srcset=\"https:\/\/solvingcom.com\/wp-content\/uploads\/2021\/03\/team-building-1024x575-1.jpeg 1024w, https:\/\/solvingcom.com\/wp-content\/uploads\/2021\/03\/team-building-1024x575-1-300x168.jpeg 300w, https:\/\/solvingcom.com\/wp-content\/uploads\/2021\/03\/team-building-1024x575-1-768x431.jpeg 768w\" sizes=\"(max-width: 1024px) 100vw, 1024px\" \/><\/div>\n\t\t<\/figure>\n\t<\/div>\n<\/div><\/div><\/div><\/div><div data-vc-full-width=\"true\" data-vc-full-width-temp=\"true\" data-vc-full-width-init=\"false\" class=\"vc_row wpb_row vc_row-fluid vc_custom_1705496323673 vc_row-has-fill\"><div class=\"wpb_column vc_column_container vc_col-sm-12\"><div class=\"vc_column-inner\"><div class=\"wpb_wrapper\"><div class=\"vc_empty_space\"   style=\"height: 10px\"><span class=\"vc_empty_space_inner\"><\/span><\/div>\n\t<div  class=\"wpb_single_image wpb_content_element vc_align_center wpb_content_element vc_custom_1705496260103\">\n\t\t\n\t\t<figure class=\"wpb_wrapper vc_figure\">\n\t\t\t<div class=\"vc_single_image-wrapper   vc_box_border_grey\"><img decoding=\"async\" src=\"https:\/\/solvingcom.com\/wp-content\/uploads\/2016\/12\/line.png\" class=\"vc_single_image-img attachment-full\" alt=\"line\" title=\"line\" \/><\/div>\n\t\t<\/figure>\n\t<\/div>\n<\/div><\/div><\/div><\/div><div class=\"vc_row-full-width vc_clearfix\"><\/div><div class=\"vc_row wpb_row vc_row-fluid\"><div class=\"wpb_column vc_column_container vc_col-sm-6\"><div class=\"vc_column-inner\"><div class=\"wpb_wrapper\"><script id='custom-style-69d27f5e40faf' type='text\/javascript'>(function($) {$(document).ready(function() {$(\"head\").append(\"<style>#heading-69d27f5e40fab{text-align: left;font-weight: 100;text-transform: none}<\/style>\");});})(jQuery);<\/script><h3 id=\"heading-69d27f5e40fab\" class=\"vc_custom_heading\">STVARANJE NE\u010cEG IZUZETNOG,<br \/>\nPOVERITE PROFESIONALCIMA<\/h3><div class=\"vc_empty_space\"   style=\"height: 32px\"><span class=\"vc_empty_space_inner\"><\/span><\/div><\/div><\/div><\/div><div class=\"wpb_column vc_column_container vc_col-sm-6\"><div class=\"vc_column-inner\"><div class=\"wpb_wrapper\">\n\t<div class=\"wpb_text_column wpb_content_element\" >\n\t\t<div class=\"wpb_wrapper\">\n\t\t\t<p>Ako delite na\u0161e mi\u0161ljenje da je ovaj jedinstveni koncept 'Biznis Teatar' za izgradnju tima pogodan za va\u0161 tim, <span style=\"color: #ff6633;\"><a style=\"color: #ff6633;\" href=\"https:\/\/solvingcom.com\/en\/contact\/\">kontaktirajte nas<\/a><\/span> za konsultacije ili po\u0161aljite upit sa brojem u\u010desnika.<\/p>\n\n\t\t<\/div>\n\t<\/div>\n<div class=\"insight-button style01 align-right\">\n\t    <a href=\"https:\/\/solvingcom.com\/en\/contact\/\"\n       target=\"_blank\"\n       rel=\"\">kontaktirajte nas<\/a>\n<\/div>\n<\/div><\/div><\/div><\/div>\n<\/div>","protected":false},"excerpt":{"rendered":"Team building \"Business Theater\": How to improve your team. Solving Communications introducing an advanced Team Building concept: \"Business Theater\". The Team Building concept of 'Business Theater' is designed to enable the creation of an excellent dramatic performance within a set time frame by following the instructions of an instructor (Boris Djuric) who is a certified...","protected":false},"author":4,"featured_media":5301,"parent":0,"menu_order":0,"comment_status":"closed","ping_status":"closed","template":"","meta":{"footnotes":""},"class_list":["post-5302","page","type-page","status-publish","has-post-thumbnail","hentry"],"yoast_head":"<!-- This site is optimized with the Yoast SEO plugin v27.1.1 - https:\/\/yoast.com\/product\/yoast-seo-wordpress\/ -->\n<title>Team Building | Solving Communications<\/title>\n<meta name=\"description\" content=\"Team building &quot;Business Theater&quot;: How to improve your team. Introducing an advanced Team Building concept: &quot;Business Theater&quot;.\" \/>\n<meta name=\"robots\" content=\"index, follow, max-snippet:-1, max-image-preview:large, max-video-preview:-1\" \/>\n<link rel=\"canonical\" href=\"https:\/\/solvingcom.com\/sr\/team-building-business-theater\/\" \/>\n<meta property=\"og:locale\" content=\"sr_RS\" \/>\n<meta property=\"og:type\" content=\"article\" \/>\n<meta property=\"og:title\" content=\"Team building &quot;Business Theater&quot;: How to improve your team.\" \/>\n<meta property=\"og:description\" content=\"Team building &quot;Business Theater&quot;: How to improve your team. Solving Communication introducing an advanced Team Building concept: &quot;Business Theater&quot;.\" \/>\n<meta property=\"og:url\" content=\"https:\/\/solvingcom.com\/sr\/team-building-business-theater\/\" \/>\n<meta property=\"og:site_name\" content=\"Solving Communications\" \/>\n<meta property=\"article:publisher\" content=\"https:\/\/www.facebook.com\/digitalvideosandevents\" \/>\n<meta property=\"article:modified_time\" content=\"2024-06-07T17:11:37+00:00\" \/>\n<meta property=\"og:image\" content=\"https:\/\/solvingcom.com\/wp-content\/uploads\/2024\/06\/Theater-1.png\" \/>\n\t<meta property=\"og:image:width\" content=\"300\" \/>\n\t<meta property=\"og:image:height\" content=\"300\" \/>\n\t<meta property=\"og:image:type\" content=\"image\/png\" \/>\n<meta name=\"twitter:card\" content=\"summary_large_image\" \/>\n<meta name=\"twitter:title\" content=\"Team building &quot;Business Theater&quot;: How to improve your team.\" \/>\n<meta name=\"twitter:description\" content=\"Team building &quot;Business Theater&quot;: How to improve your team. Solving Communication introducing an advanced Team Building concept: &quot;Business Theater&quot;.\" \/>\n<meta name=\"twitter:image\" content=\"https:\/\/solvingcom.com\/wp-content\/uploads\/2024\/06\/Theater-1.png\" \/>\n<meta name=\"twitter:label1\" content=\"\u041f\u0440\u043e\u0446\u0435\u045a\u0435\u043d\u043e \u0432\u0440\u0435\u043c\u0435 \u0447\u0438\u0442\u0430\u045a\u0430\" \/>\n\t<meta name=\"twitter:data1\" content=\"2 \u043c\u0438\u043d\u0443\u0442\u0430\" \/>\n<script type=\"application\/ld+json\" class=\"yoast-schema-graph\">{\"@context\":\"https:\/\/schema.org\",\"@graph\":[{\"@type\":\"WebPage\",\"@id\":\"https:\/\/solvingcom.com\/team-building-business-theater\/\",\"url\":\"https:\/\/solvingcom.com\/team-building-business-theater\/\",\"name\":\"Team Building | Solving Communications\",\"isPartOf\":{\"@id\":\"https:\/\/solvingcom.com\/en\/#website\"},\"primaryImageOfPage\":{\"@id\":\"https:\/\/solvingcom.com\/team-building-business-theater\/#primaryimage\"},\"image\":{\"@id\":\"https:\/\/solvingcom.com\/team-building-business-theater\/#primaryimage\"},\"thumbnailUrl\":\"https:\/\/solvingcom.com\/wp-content\/uploads\/2024\/06\/Theater-1.png\",\"datePublished\":\"2024-06-07T11:39:07+00:00\",\"dateModified\":\"2024-06-07T17:11:37+00:00\",\"description\":\"Team building \\\"Business Theater\\\": How to improve your team. Introducing an advanced Team Building concept: \\\"Business Theater\\\".\",\"breadcrumb\":{\"@id\":\"https:\/\/solvingcom.com\/team-building-business-theater\/#breadcrumb\"},\"inLanguage\":\"sr-RS\",\"potentialAction\":[{\"@type\":\"ReadAction\",\"target\":[\"https:\/\/solvingcom.com\/team-building-business-theater\/\"]}]},{\"@type\":\"ImageObject\",\"inLanguage\":\"sr-RS\",\"@id\":\"https:\/\/solvingcom.com\/team-building-business-theater\/#primaryimage\",\"url\":\"https:\/\/solvingcom.com\/wp-content\/uploads\/2024\/06\/Theater-1.png\",\"contentUrl\":\"https:\/\/solvingcom.com\/wp-content\/uploads\/2024\/06\/Theater-1.png\",\"width\":300,\"height\":300,\"caption\":\"Team Building Theater\"},{\"@type\":\"BreadcrumbList\",\"@id\":\"https:\/\/solvingcom.com\/team-building-business-theater\/#breadcrumb\",\"itemListElement\":[{\"@type\":\"ListItem\",\"position\":1,\"name\":\"Home\",\"item\":\"https:\/\/solvingcom.com\/\"},{\"@type\":\"ListItem\",\"position\":2,\"name\":\"Team Building\"}]},{\"@type\":\"WebSite\",\"@id\":\"https:\/\/solvingcom.com\/en\/#website\",\"url\":\"https:\/\/solvingcom.com\/en\/\",\"name\":\"Solving Communications\",\"description\":\"A Petite Agency Doing Great Things\",\"publisher\":{\"@id\":\"https:\/\/solvingcom.com\/en\/#organization\"},\"alternateName\":\"Corporate Video Production\",\"potentialAction\":[{\"@type\":\"SearchAction\",\"target\":{\"@type\":\"EntryPoint\",\"urlTemplate\":\"https:\/\/solvingcom.com\/en\/?s={search_term_string}\"},\"query-input\":{\"@type\":\"PropertyValueSpecification\",\"valueRequired\":true,\"valueName\":\"search_term_string\"}}],\"inLanguage\":\"sr-RS\"},{\"@type\":\"Organization\",\"@id\":\"https:\/\/solvingcom.com\/en\/#organization\",\"name\":\"Solving Communications\",\"alternateName\":\"Corporate Video Production\",\"url\":\"https:\/\/solvingcom.com\/en\/\",\"logo\":{\"@type\":\"ImageObject\",\"inLanguage\":\"sr-RS\",\"@id\":\"https:\/\/solvingcom.com\/en\/#\/schema\/logo\/image\/\",\"url\":\"https:\/\/solvingcom.com\/wp-content\/uploads\/2026\/02\/Solving-Logo.png\",\"contentUrl\":\"https:\/\/solvingcom.com\/wp-content\/uploads\/2026\/02\/Solving-Logo.png\",\"width\":584,\"height\":121,\"caption\":\"Solving Communications\"},\"image\":{\"@id\":\"https:\/\/solvingcom.com\/en\/#\/schema\/logo\/image\/\"},\"sameAs\":[\"https:\/\/www.facebook.com\/digitalvideosandevents\",\"https:\/\/www.instagram.com\/solving_production\/\",\"https:\/\/www.youtube.com\/@solvingcommunicationseood3764\",\"https:\/\/www.linkedin.com\/company\/solving\/posts\/?feedView=all\"]}]}<\/script>\n<!-- \/ Yoast SEO plugin. -->","yoast_head_json":{"title":"Team Building | Solving Communications","description":"Team building \"Business Theater\": How to improve your team. Introducing an advanced Team Building concept: \"Business Theater\".","robots":{"index":"index","follow":"follow","max-snippet":"max-snippet:-1","max-image-preview":"max-image-preview:large","max-video-preview":"max-video-preview:-1"},"canonical":"https:\/\/solvingcom.com\/sr\/team-building-business-theater\/","og_locale":"sr_RS","og_type":"article","og_title":"Team building \"Business Theater\": How to improve your team.","og_description":"Team building \"Business Theater\": How to improve your team. Solving Communication introducing an advanced Team Building concept: \"Business Theater\".","og_url":"https:\/\/solvingcom.com\/sr\/team-building-business-theater\/","og_site_name":"Solving Communications","article_publisher":"https:\/\/www.facebook.com\/digitalvideosandevents","article_modified_time":"2024-06-07T17:11:37+00:00","og_image":[{"width":300,"height":300,"url":"https:\/\/solvingcom.com\/wp-content\/uploads\/2024\/06\/Theater-1.png","type":"image\/png"}],"twitter_card":"summary_large_image","twitter_title":"Team building \"Business Theater\": How to improve your team.","twitter_description":"Team building \"Business Theater\": How to improve your team. Solving Communication introducing an advanced Team Building concept: \"Business Theater\".","twitter_image":"https:\/\/solvingcom.com\/wp-content\/uploads\/2024\/06\/Theater-1.png","twitter_misc":{"\u041f\u0440\u043e\u0446\u0435\u045a\u0435\u043d\u043e \u0432\u0440\u0435\u043c\u0435 \u0447\u0438\u0442\u0430\u045a\u0430":"2 \u043c\u0438\u043d\u0443\u0442\u0430"},"schema":{"@context":"https:\/\/schema.org","@graph":[{"@type":"WebPage","@id":"https:\/\/solvingcom.com\/team-building-business-theater\/","url":"https:\/\/solvingcom.com\/team-building-business-theater\/","name":"Team Building | Solving Communications","isPartOf":{"@id":"https:\/\/solvingcom.com\/en\/#website"},"primaryImageOfPage":{"@id":"https:\/\/solvingcom.com\/team-building-business-theater\/#primaryimage"},"image":{"@id":"https:\/\/solvingcom.com\/team-building-business-theater\/#primaryimage"},"thumbnailUrl":"https:\/\/solvingcom.com\/wp-content\/uploads\/2024\/06\/Theater-1.png","datePublished":"2024-06-07T11:39:07+00:00","dateModified":"2024-06-07T17:11:37+00:00","description":"Team building \"Business Theater\": How to improve your team. Introducing an advanced Team Building concept: \"Business Theater\".","breadcrumb":{"@id":"https:\/\/solvingcom.com\/team-building-business-theater\/#breadcrumb"},"inLanguage":"sr-RS","potentialAction":[{"@type":"ReadAction","target":["https:\/\/solvingcom.com\/team-building-business-theater\/"]}]},{"@type":"ImageObject","inLanguage":"sr-RS","@id":"https:\/\/solvingcom.com\/team-building-business-theater\/#primaryimage","url":"https:\/\/solvingcom.com\/wp-content\/uploads\/2024\/06\/Theater-1.png","contentUrl":"https:\/\/solvingcom.com\/wp-content\/uploads\/2024\/06\/Theater-1.png","width":300,"height":300,"caption":"Team Building Theater"},{"@type":"BreadcrumbList","@id":"https:\/\/solvingcom.com\/team-building-business-theater\/#breadcrumb","itemListElement":[{"@type":"ListItem","position":1,"name":"Home","item":"https:\/\/solvingcom.com\/"},{"@type":"ListItem","position":2,"name":"Team Building"}]},{"@type":"WebSite","@id":"https:\/\/solvingcom.com\/en\/#website","url":"https:\/\/solvingcom.com\/en\/","name":"Solving Communications","description":"A Petite Agency Doing Great Things","publisher":{"@id":"https:\/\/solvingcom.com\/en\/#organization"},"alternateName":"Corporate Video Production","potentialAction":[{"@type":"SearchAction","target":{"@type":"EntryPoint","urlTemplate":"https:\/\/solvingcom.com\/en\/?s={search_term_string}"},"query-input":{"@type":"PropertyValueSpecification","valueRequired":true,"valueName":"search_term_string"}}],"inLanguage":"sr-RS"},{"@type":"Organization","@id":"https:\/\/solvingcom.com\/en\/#organization","name":"Solving Communications","alternateName":"Corporate Video Production","url":"https:\/\/solvingcom.com\/en\/","logo":{"@type":"ImageObject","inLanguage":"sr-RS","@id":"https:\/\/solvingcom.com\/en\/#\/schema\/logo\/image\/","url":"https:\/\/solvingcom.com\/wp-content\/uploads\/2026\/02\/Solving-Logo.png","contentUrl":"https:\/\/solvingcom.com\/wp-content\/uploads\/2026\/02\/Solving-Logo.png","width":584,"height":121,"caption":"Solving Communications"},"image":{"@id":"https:\/\/solvingcom.com\/en\/#\/schema\/logo\/image\/"},"sameAs":["https:\/\/www.facebook.com\/digitalvideosandevents","https:\/\/www.instagram.com\/solving_production\/","https:\/\/www.youtube.com\/@solvingcommunicationseood3764","https:\/\/www.linkedin.com\/company\/solving\/posts\/?feedView=all"]}]}},"_links":{"self":[{"href":"https:\/\/solvingcom.com\/sr\/wp-json\/wp\/v2\/pages\/5302","targetHints":{"allow":["GET"]}}],"collection":[{"href":"https:\/\/solvingcom.com\/sr\/wp-json\/wp\/v2\/pages"}],"about":[{"href":"https:\/\/solvingcom.com\/sr\/wp-json\/wp\/v2\/types\/page"}],"author":[{"embeddable":true,"href":"https:\/\/solvingcom.com\/sr\/wp-json\/wp\/v2\/users\/4"}],"replies":[{"embeddable":true,"href":"https:\/\/solvingcom.com\/sr\/wp-json\/wp\/v2\/comments?post=5302"}],"version-history":[{"count":0,"href":"https:\/\/solvingcom.com\/sr\/wp-json\/wp\/v2\/pages\/5302\/revisions"}],"wp:featuredmedia":[{"embeddable":true,"href":"https:\/\/solvingcom.com\/sr\/wp-json\/wp\/v2\/media\/5301"}],"wp:attachment":[{"href":"https:\/\/solvingcom.com\/sr\/wp-json\/wp\/v2\/media?parent=5302"}],"curies":[{"name":"wp","href":"https:\/\/api.w.org\/{rel}","templated":true}]}}