{"id":4882,"date":"2024-03-10T13:50:33","date_gmt":"2024-03-10T13:50:33","guid":{"rendered":"https:\/\/solvingcom.com\/?page_id=4882"},"modified":"2025-11-24T21:15:27","modified_gmt":"2025-11-24T21:15:27","slug":"web-ux-design","status":"publish","type":"page","link":"https:\/\/solvingcom.com\/sr\/web-ux-design\/","title":{"rendered":"Web &#038; UX Design"},"content":{"rendered":"<div class=\"wpb-content-wrapper\"><div class=\"vc_row wpb_row vc_row-fluid\"><div class=\"wpb_column vc_column_container vc_col-sm-12\"><div class=\"vc_column-inner\"><div class=\"wpb_wrapper\"><script id='custom-style-69e0ad44b45ba' type='text\/javascript'>(function($) {$(document).ready(function() {$(\"head\").append(\"<style>#heading-69e0ad44b45b5{text-align: left;font-weight: 100;text-transform: none}<\/style>\");});})(jQuery);<\/script><h3 id=\"heading-69e0ad44b45b5\" class=\"vc_custom_heading\">Kreiranje web sajta je nezaobilazno u modernom predstavljanju kompanije na internetu.<\/h3><\/div><\/div><\/div><\/div><div class=\"vc_row wpb_row vc_row-fluid\"><div class=\"wpb_column vc_column_container vc_col-sm-6\"><div class=\"vc_column-inner\"><div class=\"wpb_wrapper\"><div class=\"vc_empty_space\"   style=\"height: 32px\"><span class=\"vc_empty_space_inner\"><\/span><\/div><script id='custom-style-69e0ad44b4fa9' type='text\/javascript'>(function($) {$(document).ready(function() {$(\"head\").append(\"<style>#heading-69e0ad44b4fa7{font-size: 20px;color: #18191d;text-align: left;text-transform: none}<\/style>\");});})(jQuery);<\/script><h3 id=\"heading-69e0ad44b4fa7\" class=\"vc_custom_heading\">Postoji mnogo prednosti posedovanja web sajta, uklju\u010duju\u0107i:<\/h3>\n\t<div class=\"wpb_text_column wpb_content_element\" >\n\t\t<div class=\"wpb_wrapper\">\n\t\t\t<p>1. An economical way of advertising campaigns and communicating with target audience.<br \/>\n2. Pobolj\u0161ana vidljivost poslovanja va\u0161e kompanije.<br \/>\n3. Pove\u0107anje prepoznatljivosti brenda.<br \/>\n4. Pokazatelj da ste moderna kompanija koja prati savremene trendove.<\/p>\n\n\t\t<\/div>\n\t<\/div>\n<\/div><\/div><\/div><div class=\"wpb_column vc_column_container vc_col-sm-6\"><div class=\"vc_column-inner\"><div class=\"wpb_wrapper\"><div class=\"vc_empty_space\"   style=\"height: 32px\"><span class=\"vc_empty_space_inner\"><\/span><\/div>\n\t<div  class=\"wpb_single_image wpb_content_element vc_align_center wpb_content_element  floating\">\n\t\t\n\t\t<figure class=\"wpb_wrapper vc_figure\">\n\t\t\t<div class=\"vc_single_image-wrapper   vc_box_border_grey\"><img decoding=\"async\" width=\"300\" height=\"300\" src=\"https:\/\/solvingcom.com\/wp-content\/uploads\/2024\/03\/design-2-300x300.png\" class=\"vc_single_image-img attachment-medium\" alt=\"web design\" title=\"web design\" srcset=\"https:\/\/solvingcom.com\/wp-content\/uploads\/2024\/03\/design-2-300x300.png 300w, https:\/\/solvingcom.com\/wp-content\/uploads\/2024\/03\/design-2-150x150.png 150w, https:\/\/solvingcom.com\/wp-content\/uploads\/2024\/03\/design-2-80x80.png 80w, https:\/\/solvingcom.com\/wp-content\/uploads\/2024\/03\/design-2-370x370.png 370w, https:\/\/solvingcom.com\/wp-content\/uploads\/2024\/03\/design-2-450x450.png 450w, https:\/\/solvingcom.com\/wp-content\/uploads\/2024\/03\/design-2.png 512w\" sizes=\"(max-width: 300px) 100vw, 300px\" \/><\/div>\n\t\t<\/figure>\n\t<\/div>\n<\/div><\/div><\/div><\/div><div class=\"vc_row wpb_row vc_row-fluid vc_custom_1710065142678 vc_row-has-fill\"><div class=\"wpb_column vc_column_container vc_col-sm-6\"><div class=\"vc_column-inner\"><div class=\"wpb_wrapper\">\n\t<div class=\"wpb_video_widget wpb_content_element vc_clearfix   vc_video-aspect-ratio-169 vc_video-el-width-100 vc_video-align-left\" >\n\t\t<div class=\"wpb_wrapper\">\n\t\t\t\n\t\t\t<div class=\"wpb_video_wrapper\"><iframe loading=\"lazy\" title=\"Solving Communications Web Design Portfolio\" width=\"500\" height=\"281\" src=\"https:\/\/www.youtube.com\/embed\/yT0qe9ISj04?feature=oembed\" frameborder=\"0\" allow=\"accelerometer; autoplay; clipboard-write; encrypted-media; gyroscope; picture-in-picture; web-share\" referrerpolicy=\"strict-origin-when-cross-origin\" allowfullscreen><\/iframe><\/div>\n\t\t<\/div>\n\t<\/div>\n<\/div><\/div><\/div><div class=\"wpb_column vc_column_container vc_col-sm-6\"><div class=\"vc_column-inner\"><div class=\"wpb_wrapper\"><script id='custom-style-69e0ad44b888a' type='text\/javascript'>(function($) {$(document).ready(function() {$(\"head\").append(\"<style>#heading-69e0ad44b8888{font-size: 20px;color: #18191d;text-align: left;text-transform: none}<\/style>\");});})(jQuery);<\/script><h3 id=\"heading-69e0ad44b8888\" class=\"vc_custom_heading\">Na\u0161a ponuda izrade web sajta uklju\u010duje:<\/h3>\n\t<div class=\"wpb_text_column wpb_content_element vc_custom_1710081314281\" >\n\t\t<div class=\"wpb_wrapper\">\n\t\t\t<p>1. Dizajn web sajta: Kreiranje vizualno privla\u010dnog i savremenog dizajna lakog za pretragu informacija.<br \/>\n2. <a href=\"https:\/\/solvingcom.com\/project\/ltc-stankovic\/\">Programiranje<\/a> web sajta: Razvijanje funkcionalnosti veb sajta i tehni\u010dki aspekt bezbednosti.<br \/>\n3. Kreiranje bloga: Dodavanje sekcije bloga na sajt radi redovnog deljenja sadr\u017eaja i interakcije sa posetiocima.<br \/>\n4. Odr\u017eavanje web sajta: Pru\u017eanje podr\u0161ke i redovno odr\u017eavanje radi funkcionalnosti i bezbednosti.<\/p>\n\n\t\t<\/div>\n\t<\/div>\n<\/div><\/div><\/div><\/div><div class=\"vc_row wpb_row vc_row-fluid vc_custom_1710065470628\"><div class=\"wpb_column vc_column_container vc_col-sm-8\"><div class=\"vc_column-inner\"><div class=\"wpb_wrapper\"><script id='custom-style-69e0ad44b8ddb' type='text\/javascript'>(function($) {$(document).ready(function() {$(\"head\").append(\"<style>#heading-69e0ad44b8dd9{text-align: left;font-weight: 100;text-transform: none}<\/style>\");});})(jQuery);<\/script><h3 id=\"heading-69e0ad44b8dd9\" class=\"vc_custom_heading\">UPOZNAJTE SE SA NA\u0160IM RADOVIMA!<\/h3><\/div><\/div><\/div><div class=\"wpb_column vc_column_container vc_col-sm-4\"><div class=\"vc_column-inner\"><div class=\"wpb_wrapper\"><div class=\"insight-button style01 align-none\">\n\t    <a href=\"https:\/\/solvingcom.com\/our-portfolio\/\"\n       target=\"_blank\"\n       rel=\"\">Portfolio<\/a>\n<\/div>\n<\/div><\/div><\/div><\/div><div data-vc-full-width=\"true\" data-vc-full-width-temp=\"true\" data-vc-full-width-init=\"false\" class=\"vc_row wpb_row vc_row-fluid vc_custom_1705496323673 vc_row-has-fill\"><div class=\"wpb_column vc_column_container vc_col-sm-12\"><div class=\"vc_column-inner\"><div class=\"wpb_wrapper\"><div class=\"vc_empty_space\"   style=\"height: 30px\"><span class=\"vc_empty_space_inner\"><\/span><\/div>\n\t<div  class=\"wpb_single_image wpb_content_element vc_align_center wpb_content_element vc_custom_1705496260103\">\n\t\t\n\t\t<figure class=\"wpb_wrapper vc_figure\">\n\t\t\t<div class=\"vc_single_image-wrapper   vc_box_border_grey\"><img decoding=\"async\" src=\"https:\/\/solvingcom.com\/wp-content\/uploads\/2016\/12\/line.png\" class=\"vc_single_image-img attachment-full\" alt=\"line\" title=\"line\" \/><\/div>\n\t\t<\/figure>\n\t<\/div>\n<\/div><\/div><\/div><\/div><div class=\"vc_row-full-width vc_clearfix\"><\/div><div class=\"vc_row wpb_row vc_row-fluid\"><div class=\"wpb_column vc_column_container vc_col-sm-6\"><div class=\"vc_column-inner\"><div class=\"wpb_wrapper\"><div class=\"vc_empty_space\"   style=\"height: 20px\"><span class=\"vc_empty_space_inner\"><\/span><\/div><section class=\"vc_cta3-container vc_cta3-size-lg\"><div class=\"vc_general vc_do_cta3 vc_cta3 vc_cta3-style-classic vc_cta3-shape-square vc_cta3-align-left vc_cta3-color-classic vc_cta3-icon-size-md\"><div class=\"vc_cta3_content-container\"><div class=\"vc_cta3-content\"><header class=\"vc_cta3-content-header\"><h2>NAPRAVITE PRVI KORAK!<\/h2><\/header><\/div><\/div><\/div><\/section><div class=\"vc_empty_space\"   style=\"height: 20px\"><span class=\"vc_empty_space_inner\"><\/span><\/div><\/div><\/div><\/div><div class=\"wpb_column vc_column_container vc_col-sm-6\"><div class=\"vc_column-inner\"><div class=\"wpb_wrapper\"><script id='custom-style-69e0ad44bb5c2' type='text\/javascript'>(function($) {$(document).ready(function() {$(\"head\").append(\"<style>#heading-69e0ad44bb5be{font-size: 20px;color: #18191d;text-align: left;text-transform: none}<\/style>\");});})(jQuery);<\/script><h3 id=\"heading-69e0ad44bb5be\" class=\"vc_custom_heading\">\u0160ta izdvaja Solving Communications u dizajnu web stranica?<\/h3>\n\t<div class=\"wpb_text_column wpb_content_element\" >\n\t\t<div class=\"wpb_wrapper\">\n\t\t\t<p>Na\u0161 sveobuhvatan servis ima za cilj da Vam pru\u017ei sna\u017enu online prisutnost i efikasnu komunikaciju.<\/p>\n\n\t\t<\/div>\n\t<\/div>\n<div class=\"insight-button style01 align-left\">\n\t    <a href=\"https:\/\/solvingcom.com\/contact-us\/\"\n       target=\"_blank\"\n       rel=\"\">Kontakt<\/a>\n<\/div>\n<div class=\"vc_empty_space\"   style=\"height: 20px\"><span class=\"vc_empty_space_inner\"><\/span><\/div><\/div><\/div><\/div><\/div>\n<\/div>","protected":false},"excerpt":{"rendered":"Creating the web design of a website is a key element in the modern representation of a company on the internet.There are many advantages to having a website, including: 1. An economical way of advertising campaigns and communicating with target audience. 2. Improved visibility of your company's business. 3. Increased brand recognition. 4. Indication that...","protected":false},"author":4,"featured_media":5088,"parent":0,"menu_order":0,"comment_status":"closed","ping_status":"closed","template":"","meta":{"footnotes":""},"class_list":["post-4882","page","type-page","status-publish","has-post-thumbnail","hentry"],"yoast_head":"<!-- This site is optimized with the Yoast SEO plugin v27.1.1 - https:\/\/yoast.com\/product\/yoast-seo-wordpress\/ -->\n<title>Web &amp; UX Design | Solving Communications<\/title>\n<meta name=\"description\" content=\"Creating the web design of a website is a key element in the modern representation of a company on the internet.\" \/>\n<meta name=\"robots\" content=\"index, follow, max-snippet:-1, max-image-preview:large, max-video-preview:-1\" \/>\n<link rel=\"canonical\" href=\"https:\/\/solvingcom.com\/sr\/web-ux-design\/\" \/>\n<meta property=\"og:locale\" content=\"sr_RS\" \/>\n<meta property=\"og:type\" content=\"article\" \/>\n<meta property=\"og:title\" content=\"Web Design\" \/>\n<meta property=\"og:description\" content=\"Creating a website is a key component of modern company representation on the internet.\" \/>\n<meta property=\"og:url\" content=\"https:\/\/solvingcom.com\/sr\/web-ux-design\/\" \/>\n<meta property=\"og:site_name\" content=\"Solving Communications\" \/>\n<meta property=\"article:publisher\" content=\"https:\/\/www.facebook.com\/digitalvideosandevents\" \/>\n<meta property=\"article:modified_time\" content=\"2025-11-24T21:15:27+00:00\" \/>\n<meta property=\"og:image\" content=\"https:\/\/solvingcom.com\/wp-content\/uploads\/2026\/02\/Logo-2-naslovna-RED.png\" \/>\n\t<meta property=\"og:image:width\" content=\"1114\" \/>\n\t<meta property=\"og:image:height\" content=\"530\" \/>\n\t<meta property=\"og:image:type\" content=\"image\/png\" \/>\n<meta name=\"twitter:card\" content=\"summary_large_image\" \/>\n<meta name=\"twitter:title\" content=\"Web Design\" \/>\n<meta name=\"twitter:description\" content=\"Creating a website is a key component of modern company representation on the internet.\" \/>\n<meta name=\"twitter:label1\" content=\"\u041f\u0440\u043e\u0446\u0435\u045a\u0435\u043d\u043e \u0432\u0440\u0435\u043c\u0435 \u0447\u0438\u0442\u0430\u045a\u0430\" \/>\n\t<meta name=\"twitter:data1\" content=\"3 \u043c\u0438\u043d\u0443\u0442\u0430\" \/>\n<script type=\"application\/ld+json\" class=\"yoast-schema-graph\">{\"@context\":\"https:\/\/schema.org\",\"@graph\":[{\"@type\":\"WebPage\",\"@id\":\"https:\/\/solvingcom.com\/web-ux-design\/\",\"url\":\"https:\/\/solvingcom.com\/web-ux-design\/\",\"name\":\"Web & UX Design | Solving Communications\",\"isPartOf\":{\"@id\":\"https:\/\/solvingcom.com\/en\/#website\"},\"primaryImageOfPage\":{\"@id\":\"https:\/\/solvingcom.com\/web-ux-design\/#primaryimage\"},\"image\":{\"@id\":\"https:\/\/solvingcom.com\/web-ux-design\/#primaryimage\"},\"thumbnailUrl\":\"https:\/\/solvingcom.com\/wp-content\/uploads\/2024\/03\/design-2.png\",\"datePublished\":\"2024-03-10T13:50:33+00:00\",\"dateModified\":\"2025-11-24T21:15:27+00:00\",\"description\":\"Creating the web design of a website is a key element in the modern representation of a company on the internet.\",\"breadcrumb\":{\"@id\":\"https:\/\/solvingcom.com\/web-ux-design\/#breadcrumb\"},\"inLanguage\":\"sr-RS\",\"potentialAction\":[{\"@type\":\"ReadAction\",\"target\":[\"https:\/\/solvingcom.com\/web-ux-design\/\"]}]},{\"@type\":\"ImageObject\",\"inLanguage\":\"sr-RS\",\"@id\":\"https:\/\/solvingcom.com\/web-ux-design\/#primaryimage\",\"url\":\"https:\/\/solvingcom.com\/wp-content\/uploads\/2024\/03\/design-2.png\",\"contentUrl\":\"https:\/\/solvingcom.com\/wp-content\/uploads\/2024\/03\/design-2.png\",\"width\":512,\"height\":512,\"caption\":\"web design\"},{\"@type\":\"BreadcrumbList\",\"@id\":\"https:\/\/solvingcom.com\/web-ux-design\/#breadcrumb\",\"itemListElement\":[{\"@type\":\"ListItem\",\"position\":1,\"name\":\"Home\",\"item\":\"https:\/\/solvingcom.com\/\"},{\"@type\":\"ListItem\",\"position\":2,\"name\":\"Web &#038; UX Design\"}]},{\"@type\":\"WebSite\",\"@id\":\"https:\/\/solvingcom.com\/en\/#website\",\"url\":\"https:\/\/solvingcom.com\/en\/\",\"name\":\"Solving Communications\",\"description\":\"A Petite Agency Doing Great Things\",\"publisher\":{\"@id\":\"https:\/\/solvingcom.com\/en\/#organization\"},\"alternateName\":\"Corporate Video Production\",\"potentialAction\":[{\"@type\":\"SearchAction\",\"target\":{\"@type\":\"EntryPoint\",\"urlTemplate\":\"https:\/\/solvingcom.com\/en\/?s={search_term_string}\"},\"query-input\":{\"@type\":\"PropertyValueSpecification\",\"valueRequired\":true,\"valueName\":\"search_term_string\"}}],\"inLanguage\":\"sr-RS\"},{\"@type\":\"Organization\",\"@id\":\"https:\/\/solvingcom.com\/en\/#organization\",\"name\":\"Solving Communications\",\"alternateName\":\"Corporate Video Production\",\"url\":\"https:\/\/solvingcom.com\/en\/\",\"logo\":{\"@type\":\"ImageObject\",\"inLanguage\":\"sr-RS\",\"@id\":\"https:\/\/solvingcom.com\/en\/#\/schema\/logo\/image\/\",\"url\":\"https:\/\/solvingcom.com\/wp-content\/uploads\/2026\/02\/Solving-Logo.png\",\"contentUrl\":\"https:\/\/solvingcom.com\/wp-content\/uploads\/2026\/02\/Solving-Logo.png\",\"width\":584,\"height\":121,\"caption\":\"Solving Communications\"},\"image\":{\"@id\":\"https:\/\/solvingcom.com\/en\/#\/schema\/logo\/image\/\"},\"sameAs\":[\"https:\/\/www.facebook.com\/digitalvideosandevents\",\"https:\/\/www.instagram.com\/solving_production\/\",\"https:\/\/www.youtube.com\/@solvingcommunicationseood3764\",\"https:\/\/www.linkedin.com\/company\/solving\/posts\/?feedView=all\"]}]}<\/script>\n<!-- \/ Yoast SEO plugin. -->","yoast_head_json":{"title":"Web & UX Design | Solving Communications","description":"Kreiranje web sajta je nezaobilazno u modernom predstavljanju kompanije na internetu.","robots":{"index":"index","follow":"follow","max-snippet":"max-snippet:-1","max-image-preview":"max-image-preview:large","max-video-preview":"max-video-preview:-1"},"canonical":"https:\/\/solvingcom.com\/sr\/web-ux-design\/","og_locale":"sr_RS","og_type":"article","og_title":"Web Design","og_description":"Creating a website is a key component of modern company representation on the internet.","og_url":"https:\/\/solvingcom.com\/sr\/web-ux-design\/","og_site_name":"Solving Communications","article_publisher":"https:\/\/www.facebook.com\/digitalvideosandevents","article_modified_time":"2025-11-24T21:15:27+00:00","og_image":[{"width":1114,"height":530,"url":"https:\/\/solvingcom.com\/wp-content\/uploads\/2026\/02\/Logo-2-naslovna-RED.png","type":"image\/png"}],"twitter_card":"summary_large_image","twitter_title":"Web Design","twitter_description":"Creating a website is a key component of modern company representation on the internet.","twitter_misc":{"\u041f\u0440\u043e\u0446\u0435\u045a\u0435\u043d\u043e \u0432\u0440\u0435\u043c\u0435 \u0447\u0438\u0442\u0430\u045a\u0430":"3 \u043c\u0438\u043d\u0443\u0442\u0430"},"schema":{"@context":"https:\/\/schema.org","@graph":[{"@type":"WebPage","@id":"https:\/\/solvingcom.com\/web-ux-design\/","url":"https:\/\/solvingcom.com\/web-ux-design\/","name":"Web & UX Design | Solving Communications","isPartOf":{"@id":"https:\/\/solvingcom.com\/en\/#website"},"primaryImageOfPage":{"@id":"https:\/\/solvingcom.com\/web-ux-design\/#primaryimage"},"image":{"@id":"https:\/\/solvingcom.com\/web-ux-design\/#primaryimage"},"thumbnailUrl":"https:\/\/solvingcom.com\/wp-content\/uploads\/2024\/03\/design-2.png","datePublished":"2024-03-10T13:50:33+00:00","dateModified":"2025-11-24T21:15:27+00:00","description":"Kreiranje web sajta je nezaobilazno u modernom predstavljanju kompanije na internetu.","breadcrumb":{"@id":"https:\/\/solvingcom.com\/web-ux-design\/#breadcrumb"},"inLanguage":"sr-RS","potentialAction":[{"@type":"ReadAction","target":["https:\/\/solvingcom.com\/web-ux-design\/"]}]},{"@type":"ImageObject","inLanguage":"sr-RS","@id":"https:\/\/solvingcom.com\/web-ux-design\/#primaryimage","url":"https:\/\/solvingcom.com\/wp-content\/uploads\/2024\/03\/design-2.png","contentUrl":"https:\/\/solvingcom.com\/wp-content\/uploads\/2024\/03\/design-2.png","width":512,"height":512,"caption":"web design"},{"@type":"BreadcrumbList","@id":"https:\/\/solvingcom.com\/web-ux-design\/#breadcrumb","itemListElement":[{"@type":"ListItem","position":1,"name":"Home","item":"https:\/\/solvingcom.com\/"},{"@type":"ListItem","position":2,"name":"Web &#038; UX Design"}]},{"@type":"WebSite","@id":"https:\/\/solvingcom.com\/en\/#website","url":"https:\/\/solvingcom.com\/en\/","name":"Solving Communications","description":"A Petite Agency Doing Great Things","publisher":{"@id":"https:\/\/solvingcom.com\/en\/#organization"},"alternateName":"Corporate Video Production","potentialAction":[{"@type":"SearchAction","target":{"@type":"EntryPoint","urlTemplate":"https:\/\/solvingcom.com\/en\/?s={search_term_string}"},"query-input":{"@type":"PropertyValueSpecification","valueRequired":true,"valueName":"search_term_string"}}],"inLanguage":"sr-RS"},{"@type":"Organization","@id":"https:\/\/solvingcom.com\/en\/#organization","name":"Solving Communications","alternateName":"Corporate Video Production","url":"https:\/\/solvingcom.com\/en\/","logo":{"@type":"ImageObject","inLanguage":"sr-RS","@id":"https:\/\/solvingcom.com\/en\/#\/schema\/logo\/image\/","url":"https:\/\/solvingcom.com\/wp-content\/uploads\/2026\/02\/Solving-Logo.png","contentUrl":"https:\/\/solvingcom.com\/wp-content\/uploads\/2026\/02\/Solving-Logo.png","width":584,"height":121,"caption":"Solving Communications"},"image":{"@id":"https:\/\/solvingcom.com\/en\/#\/schema\/logo\/image\/"},"sameAs":["https:\/\/www.facebook.com\/digitalvideosandevents","https:\/\/www.instagram.com\/solving_production\/","https:\/\/www.youtube.com\/@solvingcommunicationseood3764","https:\/\/www.linkedin.com\/company\/solving\/posts\/?feedView=all"]}]}},"_links":{"self":[{"href":"https:\/\/solvingcom.com\/sr\/wp-json\/wp\/v2\/pages\/4882","targetHints":{"allow":["GET"]}}],"collection":[{"href":"https:\/\/solvingcom.com\/sr\/wp-json\/wp\/v2\/pages"}],"about":[{"href":"https:\/\/solvingcom.com\/sr\/wp-json\/wp\/v2\/types\/page"}],"author":[{"embeddable":true,"href":"https:\/\/solvingcom.com\/sr\/wp-json\/wp\/v2\/users\/4"}],"replies":[{"embeddable":true,"href":"https:\/\/solvingcom.com\/sr\/wp-json\/wp\/v2\/comments?post=4882"}],"version-history":[{"count":0,"href":"https:\/\/solvingcom.com\/sr\/wp-json\/wp\/v2\/pages\/4882\/revisions"}],"wp:featuredmedia":[{"embeddable":true,"href":"https:\/\/solvingcom.com\/sr\/wp-json\/wp\/v2\/media\/5088"}],"wp:attachment":[{"href":"https:\/\/solvingcom.com\/sr\/wp-json\/wp\/v2\/media?parent=4882"}],"curies":[{"name":"wp","href":"https:\/\/api.w.org\/{rel}","templated":true}]}}