{"id":4830,"date":"2024-03-10T12:00:37","date_gmt":"2024-03-10T12:00:37","guid":{"rendered":"https:\/\/solvingcom.com\/?page_id=4830"},"modified":"2026-03-18T14:53:11","modified_gmt":"2026-03-18T14:53:11","slug":"corporate-video","status":"publish","type":"page","link":"https:\/\/solvingcom.com\/sr\/corporate-video\/","title":{"rendered":"KORPORATIVNA VIDEO PRODUKCIJA"},"content":{"rendered":"<div class=\"wpb-content-wrapper\"><div class=\"vc_row wpb_row vc_row-fluid\"><div class=\"wpb_column vc_column_container vc_col-sm-12\"><div class=\"vc_column-inner\"><div class=\"wpb_wrapper\"><script id='custom-style-69e12a1cb3b36' type='text\/javascript'>(function($) {$(document).ready(function() {$(\"head\").append(\"<style>#heading-69e12a1cb3b2f{text-align: left;font-weight: 100;text-transform: none}<\/style>\");});})(jQuery);<\/script><h3 id=\"heading-69e12a1cb3b2f\" class=\"vc_custom_heading bottom-line\">Korporativni video je jedan od najefikasnijih na\u010dina da predstavite svoj brend, prenesete jasnu poruku i ostvarite vezu sa svojom publikom.<\/h3><div class=\"vc_empty_space\"   style=\"height: 20px\"><span class=\"vc_empty_space_inner\"><\/span><\/div><script id='custom-style-69e12a1cb61d7' type='text\/javascript'>(function($) {$(document).ready(function() {$(\"head\").append(\"<style>#heading-69e12a1cb61d3{text-align: left;text-transform: none}<\/style>\");});})(jQuery);<\/script><p id=\"heading-69e12a1cb61d3\" class=\"vc_custom_heading\">Solving Communications pru\u017ea profesionalne usluge korporativne video produkcije za kompanije koje \u017eele da svoju poruku komuniciraju jasno i efikasno.\n\nKreiramo visokokvalitetan video sadr\u017eaj koji poma\u017ee brendovima da kroz sna\u017eno vizuelno pripovedanje predstave svoje proizvode, vrednosti i identitet.<\/p><\/div><\/div><\/div><\/div><div class=\"vc_row wpb_row vc_row-fluid\"><div class=\"wpb_column vc_column_container vc_col-sm-6\"><div class=\"vc_column-inner\"><div class=\"wpb_wrapper\"><div class=\"vc_empty_space\"   style=\"height: 20px\"><span class=\"vc_empty_space_inner\"><\/span><\/div>\n\t<div  class=\"wpb_single_image wpb_content_element vc_align_center wpb_content_element  floating\">\n\t\t\n\t\t<figure class=\"wpb_wrapper vc_figure\">\n\t\t\t<div class=\"vc_single_image-wrapper   vc_box_border_grey\"><img decoding=\"async\" width=\"300\" height=\"300\" src=\"https:\/\/solvingcom.com\/wp-content\/uploads\/2024\/03\/film-reel-300x300.png\" class=\"vc_single_image-img attachment-medium\" alt=\"video production\" title=\"video production\" srcset=\"https:\/\/solvingcom.com\/wp-content\/uploads\/2024\/03\/film-reel-300x300.png 300w, https:\/\/solvingcom.com\/wp-content\/uploads\/2024\/03\/film-reel-150x150.png 150w, https:\/\/solvingcom.com\/wp-content\/uploads\/2024\/03\/film-reel-80x80.png 80w, https:\/\/solvingcom.com\/wp-content\/uploads\/2024\/03\/film-reel-370x370.png 370w, https:\/\/solvingcom.com\/wp-content\/uploads\/2024\/03\/film-reel-450x450.png 450w, https:\/\/solvingcom.com\/wp-content\/uploads\/2024\/03\/film-reel.png 512w\" sizes=\"(max-width: 300px) 100vw, 300px\" \/><\/div>\n\t\t<\/figure>\n\t<\/div>\n<\/div><\/div><\/div><div class=\"wpb_column vc_column_container vc_col-sm-6\"><div class=\"vc_column-inner\"><div class=\"wpb_wrapper\"><div class=\"vc_empty_space\"   style=\"height: 20px\"><span class=\"vc_empty_space_inner\"><\/span><\/div><script id='custom-style-69e12a1cba7da' type='text\/javascript'>(function($) {$(document).ready(function() {$(\"head\").append(\"<style>#heading-69e12a1cba7d7{text-align: left;font-weight: 100;text-transform: none}<\/style>\");});})(jQuery);<\/script><h3 id=\"heading-69e12a1cba7d7\" class=\"vc_custom_heading bottom-line\">Za\u0161to je video va\u017ean<\/h3>\n\t<div class=\"wpb_text_column wpb_content_element\" >\n\t\t<div class=\"wpb_wrapper\">\n\t\t\t<p data-start=\"114\" data-end=\"183\"><strong data-start=\"114\" data-end=\"129\">Anga\u017eovanje:<\/strong> Privla\u010di pa\u017enju i zadr\u017eava fokus va\u0161e publike.<\/p>\n<p data-start=\"185\" data-end=\"226\"><strong data-start=\"185\" data-end=\"195\">Domet:<\/strong> \u0160iri prisustvo va\u0161eg brenda.<\/p>\n<p data-start=\"228\" data-end=\"277\"><strong data-start=\"228\" data-end=\"236\">SEO:<\/strong> Pove\u0107ava vidljivost na pretra\u017eiva\u010dima.<\/p>\n<p data-start=\"279\" data-end=\"338\"><strong data-start=\"279\" data-end=\"289\">Poverenje:<\/strong> Gradi kredibilitet i ja\u010da va\u0161 brend.<\/p>\n<p data-start=\"340\" data-end=\"384\"><strong data-start=\"340\" data-end=\"352\">Rezultati:<\/strong> Pokre\u0107e konkretne poslovne rezultate.<\/p>\n\n\t\t<\/div>\n\t<\/div>\n<\/div><\/div><\/div><\/div><div class=\"vc_row wpb_row vc_row-fluid vc_custom_1710071585862 vc_row-has-fill\"><div class=\"wpb_column vc_column_container vc_col-sm-6\"><div class=\"vc_column-inner\"><div class=\"wpb_wrapper\"><div class=\"vc_empty_space\"   style=\"height: 20px\"><span class=\"vc_empty_space_inner\"><\/span><\/div>\n\t<div class=\"wpb_video_widget wpb_content_element vc_clearfix   vc_video-aspect-ratio-169 vc_video-el-width-100 vc_video-align-center\" >\n\t\t<div class=\"wpb_wrapper\">\n\t\t\t\n\t\t\t<div class=\"wpb_video_wrapper\"><iframe loading=\"lazy\" title=\"Video obja\u0161njenja\" width=\"500\" height=\"281\" src=\"https:\/\/www.youtube.com\/embed\/WaRrtXWavIQ?feature=oembed\" frameborder=\"0\" allow=\"accelerometer; autoplay; clipboard-write; encrypted-media; gyroscope; picture-in-picture; web-share\" allowfullscreen><\/iframe><\/div>\n\t\t<\/div>\n\t<\/div>\n<\/div><\/div><\/div><div class=\"wpb_column vc_column_container vc_col-sm-6\"><div class=\"vc_column-inner\"><div class=\"wpb_wrapper\"><script id='custom-style-69e12a1cc7cac' type='text\/javascript'>(function($) {$(document).ready(function() {$(\"head\").append(\"<style>#heading-69e12a1cc7ca6{text-align: left;font-weight: 100;text-transform: none}<\/style>\");});})(jQuery);<\/script><h3 id=\"heading-69e12a1cc7ca6\" class=\"vc_custom_heading bottom-line\">Usluge<\/h3>\n\t<div class=\"wpb_text_column wpb_content_element\" >\n\t\t<div class=\"wpb_wrapper\">\n\t\t\t<p data-start=\"50\" data-end=\"155\">Pru\u017eamo usluge korporativne video produkcije koje su u potpunosti uskla\u0111ene sa va\u0161im poslovnim ciljevima i identitetom brenda.<\/p>\n<p data-start=\"157\" data-end=\"178\">Na\u0161a ponuda obuhvata:<\/p>\n<ul>\n<li data-start=\"182\" data-end=\"199\">Korporativne filmove<\/li>\n<li data-start=\"202\" data-end=\"220\">Explainer videe<\/li>\n<li data-start=\"223\" data-end=\"237\">Brend videe<\/li>\n<li data-start=\"240\" data-end=\"263\">Prezentacije kompanija<\/li>\n<\/ul>\n<p data-start=\"265\" data-end=\"403\" data-is-last-node=\"\" data-is-only-node=\"\">Svaki projekat razvijamo strate\u0161ki \u2014 sa ciljem da va\u0161u poruku prenesemo jasno, profesionalno i vizuelno upe\u010datljivo.<\/p>\n\n\t\t<\/div>\n\t<\/div>\n<\/div><\/div><\/div><\/div><div class=\"vc_row wpb_row vc_row-fluid\"><div class=\"wpb_column vc_column_container vc_col-sm-6\"><div class=\"vc_column-inner\"><div class=\"wpb_wrapper\"><script id='custom-style-69e12a1cc84c1' type='text\/javascript'>(function($) {$(document).ready(function() {$(\"head\").append(\"<style>#heading-69e12a1cc84bf{text-align: left;font-weight: 100;text-transform: none}<\/style>\");});})(jQuery);<\/script><h3 id=\"heading-69e12a1cc84bf\" class=\"vc_custom_heading bottom-line\">Saradnja sa nama<\/h3>\n\t<div class=\"wpb_text_column wpb_content_element\" >\n\t\t<div class=\"wpb_wrapper\">\n\t\t\t<p data-start=\"57\" data-end=\"231\"><a href=\"https:\/\/solvingcom.com\/en\/our-team-02\/\">The Solving Communications team<\/a> consists of experienced creatives and professionals dedicated to developing video content that meets the modern communication needs of brands.<\/p>\n<p data-start=\"233\" data-end=\"365\" data-is-last-node=\"\" data-is-only-node=\"\">Spajamo kreativnu viziju i tehni\u010dku preciznost kako bismo realizovali projekte koji su efikasni, vizuelno sna\u017eni i usmereni ka rezultatima.<\/p>\n\n\t\t<\/div>\n\t<\/div>\n<\/div><\/div><\/div><div class=\"wpb_column vc_column_container vc_col-sm-6\"><div class=\"vc_column-inner\"><div class=\"wpb_wrapper\"><script id='custom-style-69e12a1cc89bb' type='text\/javascript'>(function($) {$(document).ready(function() {$(\"head\").append(\"<style>#heading-69e12a1cc89b9{text-align: left;font-weight: 100;text-transform: none}<\/style>\");});})(jQuery);<\/script><h3 id=\"heading-69e12a1cc89b9\" class=\"vc_custom_heading bottom-line\">Potrebna vam je korporativna video produkcija?<\/h3>\n\t<div class=\"wpb_text_column wpb_content_element\" >\n\t\t<div class=\"wpb_wrapper\">\n\t\t\t<p data-start=\"1781\" data-end=\"1898\">Ako tra\u017eite pouzdanog partnera za video produkciju, stojimo vam na raspolaganju za sve dodatne informacije.<\/p>\n\n\t\t<\/div>\n\t<\/div>\n<div class=\"insight-button style01 align-none\">\n\t    <a href=\"https:\/\/solvingcom.com\/contact-us\/\"\n       target=\"_blank\"\n       rel=\"\">Kontaktirajte nas!<\/a>\n<\/div>\n<\/div><\/div><\/div><\/div><div class=\"vc_row wpb_row vc_row-fluid vc_custom_1773844014552\"><div class=\"wpb_column vc_column_container vc_col-sm-8\"><div class=\"vc_column-inner\"><div class=\"wpb_wrapper\"><div class=\"vc_empty_space\"   style=\"height: 20px\"><span class=\"vc_empty_space_inner\"><\/span><\/div><script id='custom-style-69e12a1cca70b' type='text\/javascript'>(function($) {$(document).ready(function() {$(\"head\").append(\"<style>#heading-69e12a1cca708{color: #CC203B;text-align: left;font-weight: 500;text-transform: none}<\/style>\");});})(jQuery);<\/script><h3 id=\"heading-69e12a1cca708\" class=\"vc_custom_heading\">DOBAR GLAS DALEKO SE \u010cUJE!<\/h3><div class=\"vc_empty_space\"   style=\"height: 20px\"><span class=\"vc_empty_space_inner\"><\/span><\/div><script id='custom-style-69e12a1cca9bc' type='text\/javascript'>(function($) {$(document).ready(function() {$(\"head\").append(\"<style>#heading-69e12a1cca9ba{text-align: left;font-weight: 100;text-transform: none}<\/style>\");});})(jQuery);<\/script><h5 id=\"heading-69e12a1cca9ba\" class=\"vc_custom_heading\">Solving Communications nudi selekciju profesionalnih govornika, priznatih glasova koji doprinose preno\u0161enju poruke na pravi na\u010din!<\/h5><div class=\"vc_empty_space\"   style=\"height: 20px\"><span class=\"vc_empty_space_inner\"><\/span><\/div><script id='custom-style-69e12a1ccac65' type='text\/javascript'>(function($) {$(document).ready(function() {$(\"head\").append(\"<style>#heading-69e12a1ccac62{text-align: left;font-weight: 100;text-transform: none}<\/style>\");});})(jQuery);<\/script><h5 id=\"heading-69e12a1ccac62\" class=\"vc_custom_heading\">Izaberite pravi glas, ili dozvolite nama da to uradimo za vas, jer...<\/h5><div class=\"vc_empty_space\"   style=\"height: 20px\"><span class=\"vc_empty_space_inner\"><\/span><\/div><\/div><\/div><\/div><div class=\"wpb_column vc_column_container vc_col-sm-4\"><div class=\"vc_column-inner\"><div class=\"wpb_wrapper\">\n\t<script id='custom-style-69e12a1ccca40' type='text\/javascript'>(function($) {$(document).ready(function() {$(\"head\").append(\"<style>#icon-boxes--icon-69e12a1ccbf0a{background-image: url('https:\/\/solvingcom.com\/wp-content\/uploads\/2017\/01\/icon-bg-04.png')}<\/style>\");});})(jQuery);<\/script>    <div class=\"icon_on_top icon-boxes\">\n\t\t            <div class=\"icon-boxes--icon\" id=\"icon-boxes--icon-69e12a1ccbf0a\">\n\t\t\t\t<i class='ion-ios-mic-outline' ><\/i>            <\/div>\n\t\t        <div class=\"icon-boxes--inner\">\n\t\t\t<h5 class=\"icon-boxes--title nd-font\">\t\t\t\t\t\t<\/h5>            <div class=\"icon-boxes--content\"><\/div>\n\t\t\t        <\/div>\n    <\/div>\n<\/div><\/div><\/div><\/div><div data-vc-full-width=\"true\" data-vc-full-width-temp=\"true\" data-vc-full-width-init=\"false\" class=\"vc_row wpb_row vc_row-fluid vc_custom_1705496323673 vc_row-has-fill\"><div class=\"wpb_column vc_column_container vc_col-sm-12\"><div class=\"vc_column-inner\"><div class=\"wpb_wrapper\"><div class=\"vc_empty_space\"   style=\"height: 10px\"><span class=\"vc_empty_space_inner\"><\/span><\/div>\n\t<div  class=\"wpb_single_image wpb_content_element vc_align_center wpb_content_element vc_custom_1705496260103\">\n\t\t\n\t\t<figure class=\"wpb_wrapper vc_figure\">\n\t\t\t<div class=\"vc_single_image-wrapper   vc_box_border_grey\"><img decoding=\"async\" src=\"https:\/\/solvingcom.com\/wp-content\/uploads\/2016\/12\/line.png\" class=\"vc_single_image-img attachment-full\" alt=\"line\" title=\"line\" \/><\/div>\n\t\t<\/figure>\n\t<\/div>\n<\/div><\/div><\/div><\/div><div class=\"vc_row-full-width vc_clearfix\"><\/div><div class=\"vc_row wpb_row vc_row-fluid\"><div class=\"wpb_column vc_column_container vc_col-sm-6\"><div class=\"vc_column-inner\"><div class=\"wpb_wrapper\"><script id='custom-style-69e12a1cceb53' type='text\/javascript'>(function($) {$(document).ready(function() {$(\"head\").append(\"<style>#heading-69e12a1cceb50{text-align: left;font-weight: 100;text-transform: none}<\/style>\");});})(jQuery);<\/script><h3 id=\"heading-69e12a1cceb50\" class=\"vc_custom_heading\">STVARANJE NE\u010cEG IZUZETNOG,<br \/>\nPOVERITE PROFESIONALCIMA<\/h3>\n\t<div class=\"wpb_text_column wpb_content_element\" >\n\t\t<div class=\"wpb_wrapper\">\n\t\t\t<p>Na\u0161u video produkciju sa\u010dinjavaju eksperti koji se vi\u0161e od dve decenije bave vizualnom umetno\u0161\u0107u i specijalnim efektima.<\/p>\n\n\t\t<\/div>\n\t<\/div>\n<div class=\"vc_empty_space\"   style=\"height: 32px\"><span class=\"vc_empty_space_inner\"><\/span><\/div><\/div><\/div><\/div><div class=\"wpb_column vc_column_container vc_col-sm-6\"><div class=\"vc_column-inner\"><div class=\"wpb_wrapper\">\n\t<div  class=\"wpb_single_image wpb_content_element vc_align_left wpb_content_element\">\n\t\t\n\t\t<figure class=\"wpb_wrapper vc_figure\">\n\t\t\t<div class=\"vc_single_image-wrapper   vc_box_border_grey\"><img decoding=\"async\" width=\"584\" height=\"121\" src=\"https:\/\/solvingcom.com\/wp-content\/uploads\/2026\/02\/Solving-Logo.png\" class=\"vc_single_image-img attachment-full\" alt=\"Solving-Logo\" title=\"Solving-Logo\" srcset=\"https:\/\/solvingcom.com\/wp-content\/uploads\/2026\/02\/Solving-Logo.png 584w, https:\/\/solvingcom.com\/wp-content\/uploads\/2026\/02\/Solving-Logo-300x62.png 300w, https:\/\/solvingcom.com\/wp-content\/uploads\/2026\/02\/Solving-Logo-18x4.png 18w\" sizes=\"(max-width: 584px) 100vw, 584px\" \/><\/div>\n\t\t<\/figure>\n\t<\/div>\n<div class=\"insight-button style01 align-none\">\n\t    <a href=\"https:\/\/solvingcom.com\/contact-us\/\"\n       target=\"_blank\"\n       rel=\"\">kontaktirajte nas<\/a>\n<\/div>\n<\/div><\/div><\/div><\/div>\n<\/div>","protected":false},"excerpt":{"rendered":"Corporate video production is one of the most effective ways to present your brand, communicate your message, and connect with your audience.Solving Communications provides professional corporate video production services for companies looking to communicate their message clearly and effectively. We create high-quality video content that helps brands present their products, values, and identity through strong...","protected":false},"author":4,"featured_media":4834,"parent":0,"menu_order":0,"comment_status":"closed","ping_status":"closed","template":"","meta":{"footnotes":""},"class_list":["post-4830","page","type-page","status-publish","has-post-thumbnail","hentry"],"yoast_head":"<!-- This site is optimized with the Yoast SEO plugin v27.1.1 - https:\/\/yoast.com\/product\/yoast-seo-wordpress\/ -->\n<title>Corporate Video Production | Solving Communications<\/title>\n<meta name=\"description\" content=\"Corporate video production is essential for modern businesses, increasing engagement, expanding reach, and strengthening customer trust.\" \/>\n<meta name=\"robots\" content=\"index, follow, max-snippet:-1, max-image-preview:large, max-video-preview:-1\" \/>\n<link rel=\"canonical\" href=\"https:\/\/solvingcom.com\/sr\/corporate-video\/\" \/>\n<meta property=\"og:locale\" content=\"sr_RS\" \/>\n<meta property=\"og:type\" content=\"article\" \/>\n<meta property=\"og:title\" content=\"Corporate Video Production\" \/>\n<meta property=\"og:description\" content=\"Corporate video production is essential for modern businesses, increasing engagement, expanding reach, and strengthening customer trust.\" \/>\n<meta property=\"og:url\" content=\"https:\/\/solvingcom.com\/sr\/corporate-video\/\" \/>\n<meta property=\"og:site_name\" content=\"Solving Communications\" \/>\n<meta property=\"article:publisher\" content=\"https:\/\/www.facebook.com\/digitalvideosandevents\" \/>\n<meta property=\"article:modified_time\" content=\"2026-03-18T14:53:11+00:00\" \/>\n<meta property=\"og:image\" content=\"https:\/\/solvingcom.com\/wp-content\/uploads\/2024\/03\/film-reel.png\" \/>\n\t<meta property=\"og:image:width\" content=\"512\" \/>\n\t<meta property=\"og:image:height\" content=\"512\" \/>\n\t<meta property=\"og:image:type\" content=\"image\/png\" \/>\n<meta name=\"twitter:card\" content=\"summary_large_image\" \/>\n<meta name=\"twitter:title\" content=\"Corporate Video Production\" \/>\n<meta name=\"twitter:description\" content=\"Corporate video production is essential for modern businesses, increasing engagement, expanding reach, and strengthening customer trust.\" \/>\n<meta name=\"twitter:image\" content=\"https:\/\/solvingcom.com\/wp-content\/uploads\/2024\/03\/film-reel.png\" \/>\n<meta name=\"twitter:label1\" content=\"\u041f\u0440\u043e\u0446\u0435\u045a\u0435\u043d\u043e \u0432\u0440\u0435\u043c\u0435 \u0447\u0438\u0442\u0430\u045a\u0430\" \/>\n\t<meta name=\"twitter:data1\" content=\"4 \u043c\u0438\u043d\u0443\u0442\u0430\" \/>\n<script type=\"application\/ld+json\" class=\"yoast-schema-graph\">{\"@context\":\"https:\/\/schema.org\",\"@graph\":[{\"@type\":\"WebPage\",\"@id\":\"https:\/\/solvingcom.com\/corporate-video\/\",\"url\":\"https:\/\/solvingcom.com\/corporate-video\/\",\"name\":\"Corporate Video Production | Solving Communications\",\"isPartOf\":{\"@id\":\"https:\/\/solvingcom.com\/en\/#website\"},\"primaryImageOfPage\":{\"@id\":\"https:\/\/solvingcom.com\/corporate-video\/#primaryimage\"},\"image\":{\"@id\":\"https:\/\/solvingcom.com\/corporate-video\/#primaryimage\"},\"thumbnailUrl\":\"https:\/\/solvingcom.com\/wp-content\/uploads\/2024\/03\/film-reel.png\",\"datePublished\":\"2024-03-10T12:00:37+00:00\",\"dateModified\":\"2026-03-18T14:53:11+00:00\",\"description\":\"Corporate video production is essential for modern businesses, increasing engagement, expanding reach, and strengthening customer trust.\",\"breadcrumb\":{\"@id\":\"https:\/\/solvingcom.com\/corporate-video\/#breadcrumb\"},\"inLanguage\":\"sr-RS\",\"potentialAction\":[{\"@type\":\"ReadAction\",\"target\":[\"https:\/\/solvingcom.com\/corporate-video\/\"]}]},{\"@type\":\"ImageObject\",\"inLanguage\":\"sr-RS\",\"@id\":\"https:\/\/solvingcom.com\/corporate-video\/#primaryimage\",\"url\":\"https:\/\/solvingcom.com\/wp-content\/uploads\/2024\/03\/film-reel.png\",\"contentUrl\":\"https:\/\/solvingcom.com\/wp-content\/uploads\/2024\/03\/film-reel.png\",\"width\":512,\"height\":512,\"caption\":\"video production\"},{\"@type\":\"BreadcrumbList\",\"@id\":\"https:\/\/solvingcom.com\/corporate-video\/#breadcrumb\",\"itemListElement\":[{\"@type\":\"ListItem\",\"position\":1,\"name\":\"Home\",\"item\":\"https:\/\/solvingcom.com\/\"},{\"@type\":\"ListItem\",\"position\":2,\"name\":\"Corporate Video Production\"}]},{\"@type\":\"WebSite\",\"@id\":\"https:\/\/solvingcom.com\/en\/#website\",\"url\":\"https:\/\/solvingcom.com\/en\/\",\"name\":\"Solving Communications\",\"description\":\"A Petite Agency Doing Great Things\",\"publisher\":{\"@id\":\"https:\/\/solvingcom.com\/en\/#organization\"},\"alternateName\":\"Corporate Video Production\",\"potentialAction\":[{\"@type\":\"SearchAction\",\"target\":{\"@type\":\"EntryPoint\",\"urlTemplate\":\"https:\/\/solvingcom.com\/en\/?s={search_term_string}\"},\"query-input\":{\"@type\":\"PropertyValueSpecification\",\"valueRequired\":true,\"valueName\":\"search_term_string\"}}],\"inLanguage\":\"sr-RS\"},{\"@type\":\"Organization\",\"@id\":\"https:\/\/solvingcom.com\/en\/#organization\",\"name\":\"Solving Communications\",\"alternateName\":\"Corporate Video Production\",\"url\":\"https:\/\/solvingcom.com\/en\/\",\"logo\":{\"@type\":\"ImageObject\",\"inLanguage\":\"sr-RS\",\"@id\":\"https:\/\/solvingcom.com\/en\/#\/schema\/logo\/image\/\",\"url\":\"https:\/\/solvingcom.com\/wp-content\/uploads\/2026\/02\/Solving-Logo.png\",\"contentUrl\":\"https:\/\/solvingcom.com\/wp-content\/uploads\/2026\/02\/Solving-Logo.png\",\"width\":584,\"height\":121,\"caption\":\"Solving Communications\"},\"image\":{\"@id\":\"https:\/\/solvingcom.com\/en\/#\/schema\/logo\/image\/\"},\"sameAs\":[\"https:\/\/www.facebook.com\/digitalvideosandevents\",\"https:\/\/www.instagram.com\/solving_production\/\",\"https:\/\/www.youtube.com\/@solvingcommunicationseood3764\",\"https:\/\/www.linkedin.com\/company\/solving\/posts\/?feedView=all\"]}]}<\/script>\n<!-- \/ Yoast SEO plugin. -->","yoast_head_json":{"title":"Corporate Video Production | Solving Communications","description":"Corporate video production is essential for modern businesses, increasing engagement, expanding reach, and strengthening customer trust.","robots":{"index":"index","follow":"follow","max-snippet":"max-snippet:-1","max-image-preview":"max-image-preview:large","max-video-preview":"max-video-preview:-1"},"canonical":"https:\/\/solvingcom.com\/sr\/corporate-video\/","og_locale":"sr_RS","og_type":"article","og_title":"Corporate Video Production","og_description":"Corporate video production is essential for modern businesses, increasing engagement, expanding reach, and strengthening customer trust.","og_url":"https:\/\/solvingcom.com\/sr\/corporate-video\/","og_site_name":"Solving Communications","article_publisher":"https:\/\/www.facebook.com\/digitalvideosandevents","article_modified_time":"2026-03-18T14:53:11+00:00","og_image":[{"width":512,"height":512,"url":"https:\/\/solvingcom.com\/wp-content\/uploads\/2024\/03\/film-reel.png","type":"image\/png"}],"twitter_card":"summary_large_image","twitter_title":"Corporate Video Production","twitter_description":"Corporate video production is essential for modern businesses, increasing engagement, expanding reach, and strengthening customer trust.","twitter_image":"https:\/\/solvingcom.com\/wp-content\/uploads\/2024\/03\/film-reel.png","twitter_misc":{"\u041f\u0440\u043e\u0446\u0435\u045a\u0435\u043d\u043e \u0432\u0440\u0435\u043c\u0435 \u0447\u0438\u0442\u0430\u045a\u0430":"4 \u043c\u0438\u043d\u0443\u0442\u0430"},"schema":{"@context":"https:\/\/schema.org","@graph":[{"@type":"WebPage","@id":"https:\/\/solvingcom.com\/corporate-video\/","url":"https:\/\/solvingcom.com\/corporate-video\/","name":"Corporate Video Production | Solving Communications","isPartOf":{"@id":"https:\/\/solvingcom.com\/en\/#website"},"primaryImageOfPage":{"@id":"https:\/\/solvingcom.com\/corporate-video\/#primaryimage"},"image":{"@id":"https:\/\/solvingcom.com\/corporate-video\/#primaryimage"},"thumbnailUrl":"https:\/\/solvingcom.com\/wp-content\/uploads\/2024\/03\/film-reel.png","datePublished":"2024-03-10T12:00:37+00:00","dateModified":"2026-03-18T14:53:11+00:00","description":"Corporate video production is essential for modern businesses, increasing engagement, expanding reach, and strengthening customer trust.","breadcrumb":{"@id":"https:\/\/solvingcom.com\/corporate-video\/#breadcrumb"},"inLanguage":"sr-RS","potentialAction":[{"@type":"ReadAction","target":["https:\/\/solvingcom.com\/corporate-video\/"]}]},{"@type":"ImageObject","inLanguage":"sr-RS","@id":"https:\/\/solvingcom.com\/corporate-video\/#primaryimage","url":"https:\/\/solvingcom.com\/wp-content\/uploads\/2024\/03\/film-reel.png","contentUrl":"https:\/\/solvingcom.com\/wp-content\/uploads\/2024\/03\/film-reel.png","width":512,"height":512,"caption":"video production"},{"@type":"BreadcrumbList","@id":"https:\/\/solvingcom.com\/corporate-video\/#breadcrumb","itemListElement":[{"@type":"ListItem","position":1,"name":"Home","item":"https:\/\/solvingcom.com\/"},{"@type":"ListItem","position":2,"name":"Corporate Video Production"}]},{"@type":"WebSite","@id":"https:\/\/solvingcom.com\/en\/#website","url":"https:\/\/solvingcom.com\/en\/","name":"Solving Communications","description":"A Petite Agency Doing Great Things","publisher":{"@id":"https:\/\/solvingcom.com\/en\/#organization"},"alternateName":"Corporate Video Production","potentialAction":[{"@type":"SearchAction","target":{"@type":"EntryPoint","urlTemplate":"https:\/\/solvingcom.com\/en\/?s={search_term_string}"},"query-input":{"@type":"PropertyValueSpecification","valueRequired":true,"valueName":"search_term_string"}}],"inLanguage":"sr-RS"},{"@type":"Organization","@id":"https:\/\/solvingcom.com\/en\/#organization","name":"Solving Communications","alternateName":"Corporate Video Production","url":"https:\/\/solvingcom.com\/en\/","logo":{"@type":"ImageObject","inLanguage":"sr-RS","@id":"https:\/\/solvingcom.com\/en\/#\/schema\/logo\/image\/","url":"https:\/\/solvingcom.com\/wp-content\/uploads\/2026\/02\/Solving-Logo.png","contentUrl":"https:\/\/solvingcom.com\/wp-content\/uploads\/2026\/02\/Solving-Logo.png","width":584,"height":121,"caption":"Solving Communications"},"image":{"@id":"https:\/\/solvingcom.com\/en\/#\/schema\/logo\/image\/"},"sameAs":["https:\/\/www.facebook.com\/digitalvideosandevents","https:\/\/www.instagram.com\/solving_production\/","https:\/\/www.youtube.com\/@solvingcommunicationseood3764","https:\/\/www.linkedin.com\/company\/solving\/posts\/?feedView=all"]}]}},"_links":{"self":[{"href":"https:\/\/solvingcom.com\/sr\/wp-json\/wp\/v2\/pages\/4830","targetHints":{"allow":["GET"]}}],"collection":[{"href":"https:\/\/solvingcom.com\/sr\/wp-json\/wp\/v2\/pages"}],"about":[{"href":"https:\/\/solvingcom.com\/sr\/wp-json\/wp\/v2\/types\/page"}],"author":[{"embeddable":true,"href":"https:\/\/solvingcom.com\/sr\/wp-json\/wp\/v2\/users\/4"}],"replies":[{"embeddable":true,"href":"https:\/\/solvingcom.com\/sr\/wp-json\/wp\/v2\/comments?post=4830"}],"version-history":[{"count":37,"href":"https:\/\/solvingcom.com\/sr\/wp-json\/wp\/v2\/pages\/4830\/revisions"}],"predecessor-version":[{"id":6282,"href":"https:\/\/solvingcom.com\/sr\/wp-json\/wp\/v2\/pages\/4830\/revisions\/6282"}],"wp:featuredmedia":[{"embeddable":true,"href":"https:\/\/solvingcom.com\/sr\/wp-json\/wp\/v2\/media\/4834"}],"wp:attachment":[{"href":"https:\/\/solvingcom.com\/sr\/wp-json\/wp\/v2\/media?parent=4830"}],"curies":[{"name":"wp","href":"https:\/\/api.w.org\/{rel}","templated":true}]}}