{"id":4632,"date":"2024-03-02T17:35:36","date_gmt":"2024-03-02T17:35:36","guid":{"rendered":"https:\/\/solvingcom.com\/corporate-events-copy\/"},"modified":"2026-02-04T12:48:38","modified_gmt":"2026-02-04T12:48:38","slug":"video-editing","status":"publish","type":"page","link":"https:\/\/solvingcom.com\/sr\/video-editing\/","title":{"rendered":"VIDEO MONTA\u017dA"},"content":{"rendered":"<div class=\"wpb-content-wrapper\"><div class=\"vc_row wpb_row vc_row-fluid\"><div class=\"wpb_column vc_column_container vc_col-sm-12\"><div class=\"vc_column-inner\"><div class=\"wpb_wrapper\"><script id='custom-style-69e1bce254a57' type='text\/javascript'>(function($) {$(document).ready(function() {$(\"head\").append(\"<style>#heading-69e1bce254a53{text-align: left;font-weight: 100;text-transform: none}<\/style>\");});})(jQuery);<\/script><h3 id=\"heading-69e1bce254a53\" class=\"vc_custom_heading\">Video poruke su najtra\u017eeniji reklamni resursi, stoga je potrebna profesionalna video monta\u017ea.<\/h3><\/div><\/div><\/div><\/div><div class=\"vc_row wpb_row vc_row-fluid\"><div class=\"wpb_column vc_column_container vc_col-sm-6\"><div class=\"vc_column-inner\"><div class=\"wpb_wrapper\"><div class=\"vc_empty_space\"   style=\"height: 32px\"><span class=\"vc_empty_space_inner\"><\/span><\/div>\n\t<div  class=\"wpb_single_image wpb_content_element vc_align_center wpb_content_element  floating\">\n\t\t\n\t\t<figure class=\"wpb_wrapper vc_figure\">\n\t\t\t<div class=\"vc_single_image-wrapper   vc_box_border_grey\"><img decoding=\"async\" width=\"300\" height=\"300\" src=\"https:\/\/solvingcom.com\/wp-content\/uploads\/2024\/03\/video-editing-1-300x300.png\" class=\"vc_single_image-img attachment-medium\" alt=\"video editing\" title=\"video editing\" srcset=\"https:\/\/solvingcom.com\/wp-content\/uploads\/2024\/03\/video-editing-1-300x300.png 300w, https:\/\/solvingcom.com\/wp-content\/uploads\/2024\/03\/video-editing-1-150x150.png 150w, https:\/\/solvingcom.com\/wp-content\/uploads\/2024\/03\/video-editing-1-80x80.png 80w, https:\/\/solvingcom.com\/wp-content\/uploads\/2024\/03\/video-editing-1-370x370.png 370w, https:\/\/solvingcom.com\/wp-content\/uploads\/2024\/03\/video-editing-1-450x450.png 450w, https:\/\/solvingcom.com\/wp-content\/uploads\/2024\/03\/video-editing-1.png 512w\" sizes=\"(max-width: 300px) 100vw, 300px\" \/><\/div>\n\t\t<\/figure>\n\t<\/div>\n<\/div><\/div><\/div><div class=\"wpb_column vc_column_container vc_col-sm-6\"><div class=\"vc_column-inner\"><div class=\"wpb_wrapper\"><div class=\"vc_empty_space\"   style=\"height: 20px\"><span class=\"vc_empty_space_inner\"><\/span><\/div>\n\t<div class=\"wpb_text_column wpb_content_element\" >\n\t\t<div class=\"wpb_wrapper\">\n\t\t\t<p>Dozvolite nam da o\u017eivimo va\u0161u viziju i kreiramo video koji \u0107e osvojiti i inspirisati va\u0161u publiku.<\/p>\n<p>Prioritet nam je jasna komunikacija, fokus na detalje i posve\u0107enost. Na\u0161 proces po\u010dinje temeljnim razumevanjem va\u0161e vizije i ciljeva za video.<\/p>\n<p>Slu\u0161amo va\u0161e ideje, preference i sve specifi\u010dne zahteve koje mo\u017eda imate. Ova po\u010detna konsultacija nam omogu\u0107ava da prilagodimo na\u0161 pristup video monta\u017ei kako bismo savr\u0161eno uskladili sa va\u0161im ciljevima. <a href=\"https:\/\/solvingcom.com\/our-portfolio\/\">video<\/a> editing approach to align perfectly with your goals.<\/p>\n\n\t\t<\/div>\n\t<\/div>\n<\/div><\/div><\/div><\/div><div class=\"vc_row wpb_row vc_row-fluid vc_custom_1710071585862 vc_row-has-fill\"><div class=\"wpb_column vc_column_container vc_col-sm-6\"><div class=\"vc_column-inner\"><div class=\"wpb_wrapper\">\n\t<div class=\"wpb_text_column wpb_content_element\" >\n\t\t<div class=\"wpb_wrapper\">\n\t\t\t<p>Kada jasno razumemo va\u0161e potrebe, na\u0161i ve\u0161ti monta\u017eeri kre\u0107u u akciju. Koristimo licencirane Industry Standard softvere vode\u0107ih svetskih kompanija i najnovije tehnike storytelling-a kako bismo pretvorili sirovi materijal u atraktivan sadr\u017eaj. Bez obzira da li je u pitanju promotivni video, korporativni video, video eksplejner, animacija, dokumentarac, muzi\u010dki ili reklamni spot, video sa ven\u010danja, video za dru\u0161tvene mre\u017ee ili bilo koji drugi tip videa, primenjujemo najvi\u0161e standarde i kreiramo privla\u010dne sadr\u017eaje.<\/p>\n<p>Mi smo posve\u0107eni tome da osiguramo da krajnji proizvod prema\u0161i Va\u0161a o\u010dekivanja.<\/p>\n\n\t\t<\/div>\n\t<\/div>\n<\/div><\/div><\/div><div class=\"wpb_column vc_column_container vc_col-sm-6\"><div class=\"vc_column-inner\"><div class=\"wpb_wrapper\">\n\t<div class=\"wpb_video_widget wpb_content_element vc_clearfix   vc_video-aspect-ratio-169 vc_video-el-width-100 vc_video-align-left\" >\n\t\t<div class=\"wpb_wrapper\">\n\t\t\t\n\t\t\t<div class=\"wpb_video_wrapper\"><iframe loading=\"lazy\" title=\"Korporativni film\" width=\"500\" height=\"281\" src=\"https:\/\/www.youtube.com\/embed\/hEDlD0J3x2A?feature=oembed\" frameborder=\"0\" allow=\"accelerometer; autoplay; clipboard-write; encrypted-media; gyroscope; picture-in-picture; web-share\" allowfullscreen><\/iframe><\/div>\n\t\t<\/div>\n\t<\/div>\n<\/div><\/div><\/div><\/div><div class=\"vc_row wpb_row vc_row-fluid\"><div class=\"wpb_column vc_column_container vc_col-sm-6\"><div class=\"vc_column-inner\"><div class=\"wpb_wrapper\"><script id='custom-style-69e1bce2592c1' type='text\/javascript'>(function($) {$(document).ready(function() {$(\"head\").append(\"<style>#heading-69e1bce2592be{text-align: left;font-weight: 100;text-transform: none}<\/style>\");});})(jQuery);<\/script><h3 id=\"heading-69e1bce2592be\" class=\"vc_custom_heading\">STVARANJE NE\u010cEG IZUZETNOG,<br \/>\nPOVERITE PROFESIONALCIMA<\/h3><div class=\"vc_empty_space\"   style=\"height: 32px\"><span class=\"vc_empty_space_inner\"><\/span><\/div><\/div><\/div><\/div><div class=\"wpb_column vc_column_container vc_col-sm-6\"><div class=\"vc_column-inner\"><div class=\"wpb_wrapper\"><div class=\"vc_row wpb_row vc_inner vc_row-fluid\"><div class=\"wpb_column vc_column_container vc_col-sm-12\"><div class=\"vc_column-inner\"><div class=\"wpb_wrapper\"><div class=\"insight-button style01 align-none\">\n\t    <a href=\"https:\/\/solvingcom.com\/contact-us\/\"\n       target=\"_blank\"\n       rel=\"\">kontaktirajte nas<\/a>\n<\/div>\n<\/div><\/div><\/div><\/div><\/div><\/div><\/div><\/div><div data-vc-full-width=\"true\" data-vc-full-width-temp=\"true\" data-vc-full-width-init=\"false\" class=\"vc_row wpb_row vc_row-fluid vc_custom_1705496323673 vc_row-has-fill\"><div class=\"wpb_column vc_column_container vc_col-sm-12\"><div class=\"vc_column-inner\"><div class=\"wpb_wrapper\"><div class=\"vc_empty_space\"   style=\"height: 10px\"><span class=\"vc_empty_space_inner\"><\/span><\/div>\n\t<div  class=\"wpb_single_image wpb_content_element vc_align_center wpb_content_element vc_custom_1705496260103\">\n\t\t\n\t\t<figure class=\"wpb_wrapper vc_figure\">\n\t\t\t<div class=\"vc_single_image-wrapper   vc_box_border_grey\"><img decoding=\"async\" src=\"https:\/\/solvingcom.com\/wp-content\/uploads\/2016\/12\/line.png\" class=\"vc_single_image-img attachment-full\" alt=\"line\" title=\"line\" \/><\/div>\n\t\t<\/figure>\n\t<\/div>\n<\/div><\/div><\/div><\/div><div class=\"vc_row-full-width vc_clearfix\"><\/div><div class=\"vc_row wpb_row vc_row-fluid\"><div class=\"wpb_column vc_column_container vc_col-sm-6\"><div class=\"vc_column-inner\"><div class=\"wpb_wrapper\"><script id='custom-style-69e1bce25b4b1' type='text\/javascript'>(function($) {$(document).ready(function() {$(\"head\").append(\"<style>#heading-69e1bce25b4ae{text-align: left;font-weight: 100;text-transform: none}<\/style>\");});})(jQuery);<\/script><h3 id=\"heading-69e1bce25b4ae\" class=\"vc_custom_heading\">Za\u0161to Solving Communications?<\/h3>\n\t<div class=\"wpb_text_column wpb_content_element\" >\n\t\t<div class=\"wpb_wrapper\">\n\t\t\t<p>Pored na\u0161e tehni\u010dke stru\u010dnosti, razumemo va\u017enost rokova i pouzdanosti. Mo\u017eete nam verovati da \u0107emo isporu\u010diti va\u0161 video na vreme i unutar bud\u017eeta, bez kompromisa po pitanju kvaliteta.<\/p>\n\n\t\t<\/div>\n\t<\/div>\n<\/div><\/div><\/div><div class=\"wpb_column vc_column_container vc_col-sm-6\"><div class=\"vc_column-inner\"><div class=\"wpb_wrapper\">\n\t<div  class=\"wpb_single_image wpb_content_element vc_align_center wpb_content_element\">\n\t\t\n\t\t<figure class=\"wpb_wrapper vc_figure\">\n\t\t\t<div class=\"vc_single_image-wrapper   vc_box_border_grey\"><img decoding=\"async\" width=\"640\" height=\"307\" src=\"https:\/\/solvingcom.com\/wp-content\/uploads\/2026\/02\/potpis-Solving-red-1-1024x491.png\" class=\"vc_single_image-img attachment-large\" alt=\"\" title=\"potpis-Solving-red\" srcset=\"https:\/\/solvingcom.com\/wp-content\/uploads\/2026\/02\/potpis-Solving-red-1-1024x491.png 1024w, https:\/\/solvingcom.com\/wp-content\/uploads\/2026\/02\/potpis-Solving-red-1-300x144.png 300w, https:\/\/solvingcom.com\/wp-content\/uploads\/2026\/02\/potpis-Solving-red-1-768x368.png 768w, https:\/\/solvingcom.com\/wp-content\/uploads\/2026\/02\/potpis-Solving-red-1-18x9.png 18w, https:\/\/solvingcom.com\/wp-content\/uploads\/2026\/02\/potpis-Solving-red-1.png 1263w\" sizes=\"(max-width: 640px) 100vw, 640px\" \/><\/div>\n\t\t<\/figure>\n\t<\/div>\n<\/div><\/div><\/div><\/div>\n<\/div>","protected":false},"excerpt":{"rendered":"Video messages are the most wanted advertising assets, thus the need for professional video editing. Let us bring your vision to life and create a video that captivates and inspires your audience. We prioritize clear communication, meticulous attention to detail, and a commitment to delivering exceptional results. Our process begins with a thorough understanding of...","protected":false},"author":4,"featured_media":4759,"parent":0,"menu_order":0,"comment_status":"closed","ping_status":"closed","template":"","meta":{"footnotes":""},"class_list":["post-4632","page","type-page","status-publish","has-post-thumbnail","hentry"],"yoast_head":"<!-- This site is optimized with the Yoast SEO plugin v27.1.1 - https:\/\/yoast.com\/product\/yoast-seo-wordpress\/ -->\n<title>Video Editing | Solving Communications<\/title>\n<meta name=\"description\" content=\"Video messages are the most wanted advertising assets, thus the need for professional video editing. We prioritize clear communication...\" \/>\n<meta name=\"robots\" content=\"index, follow, max-snippet:-1, max-image-preview:large, max-video-preview:-1\" \/>\n<link rel=\"canonical\" href=\"https:\/\/solvingcom.com\/sr\/video-editing\/\" \/>\n<meta property=\"og:locale\" content=\"sr_RS\" \/>\n<meta property=\"og:type\" content=\"article\" \/>\n<meta property=\"og:title\" content=\"Unique Experience in Corporate Events Organization\" \/>\n<meta property=\"og:description\" content=\"We have a unique experience in combining audio, video, and theatrical productions in the realization of corporate events.\" \/>\n<meta property=\"og:url\" content=\"https:\/\/solvingcom.com\/sr\/video-editing\/\" \/>\n<meta property=\"og:site_name\" content=\"Solving Communications\" \/>\n<meta property=\"article:publisher\" content=\"https:\/\/www.facebook.com\/digitalvideosandevents\" \/>\n<meta property=\"article:modified_time\" content=\"2026-02-04T12:48:38+00:00\" \/>\n<meta property=\"og:image\" content=\"https:\/\/solvingcom.com\/wp-content\/uploads\/2022\/03\/Loreal-Event.jpg\" \/>\n\t<meta property=\"og:image:width\" content=\"1920\" \/>\n\t<meta property=\"og:image:height\" content=\"1080\" \/>\n\t<meta property=\"og:image:type\" content=\"image\/jpeg\" \/>\n<meta name=\"twitter:card\" content=\"summary_large_image\" \/>\n<meta name=\"twitter:label1\" content=\"\u041f\u0440\u043e\u0446\u0435\u045a\u0435\u043d\u043e \u0432\u0440\u0435\u043c\u0435 \u0447\u0438\u0442\u0430\u045a\u0430\" \/>\n\t<meta name=\"twitter:data1\" content=\"2 \u043c\u0438\u043d\u0443\u0442\u0430\" \/>\n<script type=\"application\/ld+json\" class=\"yoast-schema-graph\">{\"@context\":\"https:\/\/schema.org\",\"@graph\":[{\"@type\":\"WebPage\",\"@id\":\"https:\/\/solvingcom.com\/video-editing\/\",\"url\":\"https:\/\/solvingcom.com\/video-editing\/\",\"name\":\"Video Editing | Solving Communications\",\"isPartOf\":{\"@id\":\"https:\/\/solvingcom.com\/en\/#website\"},\"primaryImageOfPage\":{\"@id\":\"https:\/\/solvingcom.com\/video-editing\/#primaryimage\"},\"image\":{\"@id\":\"https:\/\/solvingcom.com\/video-editing\/#primaryimage\"},\"thumbnailUrl\":\"https:\/\/solvingcom.com\/wp-content\/uploads\/2024\/03\/video-editing-1.png\",\"datePublished\":\"2024-03-02T17:35:36+00:00\",\"dateModified\":\"2026-02-04T12:48:38+00:00\",\"description\":\"Video messages are the most wanted advertising assets, thus the need for professional video editing. We prioritize clear communication...\",\"breadcrumb\":{\"@id\":\"https:\/\/solvingcom.com\/video-editing\/#breadcrumb\"},\"inLanguage\":\"sr-RS\",\"potentialAction\":[{\"@type\":\"ReadAction\",\"target\":[\"https:\/\/solvingcom.com\/video-editing\/\"]}]},{\"@type\":\"ImageObject\",\"inLanguage\":\"sr-RS\",\"@id\":\"https:\/\/solvingcom.com\/video-editing\/#primaryimage\",\"url\":\"https:\/\/solvingcom.com\/wp-content\/uploads\/2024\/03\/video-editing-1.png\",\"contentUrl\":\"https:\/\/solvingcom.com\/wp-content\/uploads\/2024\/03\/video-editing-1.png\",\"width\":512,\"height\":512,\"caption\":\"video editing\"},{\"@type\":\"BreadcrumbList\",\"@id\":\"https:\/\/solvingcom.com\/video-editing\/#breadcrumb\",\"itemListElement\":[{\"@type\":\"ListItem\",\"position\":1,\"name\":\"Home\",\"item\":\"https:\/\/solvingcom.com\/\"},{\"@type\":\"ListItem\",\"position\":2,\"name\":\"Video Editing\"}]},{\"@type\":\"WebSite\",\"@id\":\"https:\/\/solvingcom.com\/en\/#website\",\"url\":\"https:\/\/solvingcom.com\/en\/\",\"name\":\"Solving Communications\",\"description\":\"A Petite Agency Doing Great Things\",\"publisher\":{\"@id\":\"https:\/\/solvingcom.com\/en\/#organization\"},\"alternateName\":\"Corporate Video Production\",\"potentialAction\":[{\"@type\":\"SearchAction\",\"target\":{\"@type\":\"EntryPoint\",\"urlTemplate\":\"https:\/\/solvingcom.com\/en\/?s={search_term_string}\"},\"query-input\":{\"@type\":\"PropertyValueSpecification\",\"valueRequired\":true,\"valueName\":\"search_term_string\"}}],\"inLanguage\":\"sr-RS\"},{\"@type\":\"Organization\",\"@id\":\"https:\/\/solvingcom.com\/en\/#organization\",\"name\":\"Solving Communications\",\"alternateName\":\"Corporate Video Production\",\"url\":\"https:\/\/solvingcom.com\/en\/\",\"logo\":{\"@type\":\"ImageObject\",\"inLanguage\":\"sr-RS\",\"@id\":\"https:\/\/solvingcom.com\/en\/#\/schema\/logo\/image\/\",\"url\":\"https:\/\/solvingcom.com\/wp-content\/uploads\/2026\/02\/Solving-Logo.png\",\"contentUrl\":\"https:\/\/solvingcom.com\/wp-content\/uploads\/2026\/02\/Solving-Logo.png\",\"width\":584,\"height\":121,\"caption\":\"Solving Communications\"},\"image\":{\"@id\":\"https:\/\/solvingcom.com\/en\/#\/schema\/logo\/image\/\"},\"sameAs\":[\"https:\/\/www.facebook.com\/digitalvideosandevents\",\"https:\/\/www.instagram.com\/solving_production\/\",\"https:\/\/www.youtube.com\/@solvingcommunicationseood3764\",\"https:\/\/www.linkedin.com\/company\/solving\/posts\/?feedView=all\"]}]}<\/script>\n<!-- \/ Yoast SEO plugin. -->","yoast_head_json":{"title":"Video Editing | Solving Communications","description":"Video messages are the most wanted advertising assets, thus the need for professional video editing. We prioritize clear communication...","robots":{"index":"index","follow":"follow","max-snippet":"max-snippet:-1","max-image-preview":"max-image-preview:large","max-video-preview":"max-video-preview:-1"},"canonical":"https:\/\/solvingcom.com\/sr\/video-editing\/","og_locale":"sr_RS","og_type":"article","og_title":"Unique Experience in Corporate Events Organization","og_description":"We have a unique experience in combining audio, video, and theatrical productions in the realization of corporate events.","og_url":"https:\/\/solvingcom.com\/sr\/video-editing\/","og_site_name":"Solving Communications","article_publisher":"https:\/\/www.facebook.com\/digitalvideosandevents","article_modified_time":"2026-02-04T12:48:38+00:00","og_image":[{"width":1920,"height":1080,"url":"https:\/\/solvingcom.com\/wp-content\/uploads\/2022\/03\/Loreal-Event.jpg","type":"image\/jpeg"}],"twitter_card":"summary_large_image","twitter_misc":{"\u041f\u0440\u043e\u0446\u0435\u045a\u0435\u043d\u043e \u0432\u0440\u0435\u043c\u0435 \u0447\u0438\u0442\u0430\u045a\u0430":"2 \u043c\u0438\u043d\u0443\u0442\u0430"},"schema":{"@context":"https:\/\/schema.org","@graph":[{"@type":"WebPage","@id":"https:\/\/solvingcom.com\/video-editing\/","url":"https:\/\/solvingcom.com\/video-editing\/","name":"Video Editing | Solving Communications","isPartOf":{"@id":"https:\/\/solvingcom.com\/en\/#website"},"primaryImageOfPage":{"@id":"https:\/\/solvingcom.com\/video-editing\/#primaryimage"},"image":{"@id":"https:\/\/solvingcom.com\/video-editing\/#primaryimage"},"thumbnailUrl":"https:\/\/solvingcom.com\/wp-content\/uploads\/2024\/03\/video-editing-1.png","datePublished":"2024-03-02T17:35:36+00:00","dateModified":"2026-02-04T12:48:38+00:00","description":"Video messages are the most wanted advertising assets, thus the need for professional video editing. We prioritize clear communication...","breadcrumb":{"@id":"https:\/\/solvingcom.com\/video-editing\/#breadcrumb"},"inLanguage":"sr-RS","potentialAction":[{"@type":"ReadAction","target":["https:\/\/solvingcom.com\/video-editing\/"]}]},{"@type":"ImageObject","inLanguage":"sr-RS","@id":"https:\/\/solvingcom.com\/video-editing\/#primaryimage","url":"https:\/\/solvingcom.com\/wp-content\/uploads\/2024\/03\/video-editing-1.png","contentUrl":"https:\/\/solvingcom.com\/wp-content\/uploads\/2024\/03\/video-editing-1.png","width":512,"height":512,"caption":"video editing"},{"@type":"BreadcrumbList","@id":"https:\/\/solvingcom.com\/video-editing\/#breadcrumb","itemListElement":[{"@type":"ListItem","position":1,"name":"Home","item":"https:\/\/solvingcom.com\/"},{"@type":"ListItem","position":2,"name":"Video Editing"}]},{"@type":"WebSite","@id":"https:\/\/solvingcom.com\/en\/#website","url":"https:\/\/solvingcom.com\/en\/","name":"Solving Communications","description":"A Petite Agency Doing Great Things","publisher":{"@id":"https:\/\/solvingcom.com\/en\/#organization"},"alternateName":"Corporate Video Production","potentialAction":[{"@type":"SearchAction","target":{"@type":"EntryPoint","urlTemplate":"https:\/\/solvingcom.com\/en\/?s={search_term_string}"},"query-input":{"@type":"PropertyValueSpecification","valueRequired":true,"valueName":"search_term_string"}}],"inLanguage":"sr-RS"},{"@type":"Organization","@id":"https:\/\/solvingcom.com\/en\/#organization","name":"Solving Communications","alternateName":"Corporate Video Production","url":"https:\/\/solvingcom.com\/en\/","logo":{"@type":"ImageObject","inLanguage":"sr-RS","@id":"https:\/\/solvingcom.com\/en\/#\/schema\/logo\/image\/","url":"https:\/\/solvingcom.com\/wp-content\/uploads\/2026\/02\/Solving-Logo.png","contentUrl":"https:\/\/solvingcom.com\/wp-content\/uploads\/2026\/02\/Solving-Logo.png","width":584,"height":121,"caption":"Solving Communications"},"image":{"@id":"https:\/\/solvingcom.com\/en\/#\/schema\/logo\/image\/"},"sameAs":["https:\/\/www.facebook.com\/digitalvideosandevents","https:\/\/www.instagram.com\/solving_production\/","https:\/\/www.youtube.com\/@solvingcommunicationseood3764","https:\/\/www.linkedin.com\/company\/solving\/posts\/?feedView=all"]}]}},"_links":{"self":[{"href":"https:\/\/solvingcom.com\/sr\/wp-json\/wp\/v2\/pages\/4632","targetHints":{"allow":["GET"]}}],"collection":[{"href":"https:\/\/solvingcom.com\/sr\/wp-json\/wp\/v2\/pages"}],"about":[{"href":"https:\/\/solvingcom.com\/sr\/wp-json\/wp\/v2\/types\/page"}],"author":[{"embeddable":true,"href":"https:\/\/solvingcom.com\/sr\/wp-json\/wp\/v2\/users\/4"}],"replies":[{"embeddable":true,"href":"https:\/\/solvingcom.com\/sr\/wp-json\/wp\/v2\/comments?post=4632"}],"version-history":[{"count":2,"href":"https:\/\/solvingcom.com\/sr\/wp-json\/wp\/v2\/pages\/4632\/revisions"}],"predecessor-version":[{"id":6172,"href":"https:\/\/solvingcom.com\/sr\/wp-json\/wp\/v2\/pages\/4632\/revisions\/6172"}],"wp:featuredmedia":[{"embeddable":true,"href":"https:\/\/solvingcom.com\/sr\/wp-json\/wp\/v2\/media\/4759"}],"wp:attachment":[{"href":"https:\/\/solvingcom.com\/sr\/wp-json\/wp\/v2\/media?parent=4632"}],"curies":[{"name":"wp","href":"https:\/\/api.w.org\/{rel}","templated":true}]}}