{"id":345,"date":"2017-01-06T02:17:45","date_gmt":"2017-01-06T02:17:45","guid":{"rendered":"http:\/\/ninestudio.thememove.com\/?page_id=345"},"modified":"2026-03-18T13:05:45","modified_gmt":"2026-03-18T13:05:45","slug":"what-we-do","status":"publish","type":"page","link":"https:\/\/solvingcom.com\/sr\/what-we-do\/","title":{"rendered":"Usluge"},"content":{"rendered":"<div class=\"wpb-content-wrapper\"><div class=\"vc_row wpb_row vc_row-fluid\"><div class=\"wpb_column vc_column_container vc_col-sm-12\"><div class=\"vc_column-inner vc_custom_1493105051134\"><div class=\"wpb_wrapper\"><div class=\"type-image style-right color-white insight-our-services\">\n\t<a href=\"https:\/\/solvingcom.com\/en\/corporate-video\" target=\"_blank\">    <div class=\"row insight-our-services-inner row-xs-center\">\n\t\t            <div class=\"col-md-6 col-image\">\n\t\t\t\t<img decoding=\"async\" width=\"555\" height=\"275\" src=\"https:\/\/solvingcom.com\/wp-content\/uploads\/2018\/12\/what-we-do-video-production-v2.jpg\" class=\"attachment-full size-full\" alt=\"what we do video production\" srcset=\"https:\/\/solvingcom.com\/wp-content\/uploads\/2018\/12\/what-we-do-video-production-v2.jpg 555w, https:\/\/solvingcom.com\/wp-content\/uploads\/2018\/12\/what-we-do-video-production-v2-300x149.jpg 300w\" sizes=\"(max-width: 555px) 100vw, 555px\" \/>            <\/div>\n            <div class=\"col-md-6 col-text\">\n                <div class=\"text\">\n                    <div class=\"title\">\n\t\t\t\t\t\tKORPORATIVNA VIDEO PRODUKCIJA                    <\/div>\n                    <div class=\"content\">\n\t\t\t\t\t\tNudimo kompletnu produkciju korporativnih videa, od preprodukcije i snimanja do postprodukcije.                    <\/div>\n                <\/div>\n            <\/div>\n\t\t    <\/div>\n\t<\/a><\/div><div class=\"vc_empty_space\"   style=\"height: 50px\"><span class=\"vc_empty_space_inner\"><\/span><\/div><div class=\"type-image style-left color-white insight-our-services\">\n\t<a href=\"https:\/\/solvingcom.com\/en\/video-editing\/\" target=\"_blank\">    <div class=\"row insight-our-services-inner row-xs-center\">\n\t\t            <div class=\"col-md-6 col-image\">\n\t\t\t\t<img decoding=\"async\" width=\"278\" height=\"138\" src=\"https:\/\/solvingcom.com\/wp-content\/uploads\/2024\/02\/video-editing2.png\" class=\"attachment-full size-full\" alt=\"video editing\" \/>            <\/div>\n            <div class=\"col-md-6 col-text\">\n                <div class=\"text\">\n                    <div class=\"title\">\n\t\t\t\t\t\tVIDEO MONTA\u017dA                    <\/div>\n                    <div class=\"content\">\n\t\t\t\t\t\tImamo iskusne video urednike i kreatore video sadr\u017eaja na senior nivou, sa stru\u010dnim znanjem o razli\u010ditim standardnim programima i aplikacijama u industriji.                    <\/div>\n                <\/div>\n            <\/div>\n\t\t    <\/div>\n\t<\/a><\/div><div class=\"vc_empty_space\"   style=\"height: 50px\"><span class=\"vc_empty_space_inner\"><\/span><\/div><div class=\"type-image style-right color-white insight-our-services\">\n\t<a href=\"https:\/\/solvingcom.com\/en\/web-ux-design\/\" >    <div class=\"row insight-our-services-inner row-xs-center\">\n\t\t            <div class=\"col-md-6 col-image\">\n\t\t\t\t<img decoding=\"async\" width=\"1000\" height=\"500\" src=\"https:\/\/solvingcom.com\/wp-content\/uploads\/2021\/03\/AdobeStock_256229414.jpg\" class=\"attachment-full size-full\" alt=\"website\" srcset=\"https:\/\/solvingcom.com\/wp-content\/uploads\/2021\/03\/AdobeStock_256229414.jpg 1000w, https:\/\/solvingcom.com\/wp-content\/uploads\/2021\/03\/AdobeStock_256229414-300x150.jpg 300w, https:\/\/solvingcom.com\/wp-content\/uploads\/2021\/03\/AdobeStock_256229414-768x384.jpg 768w, https:\/\/solvingcom.com\/wp-content\/uploads\/2021\/03\/AdobeStock_256229414-840x420.jpg 840w\" sizes=\"(max-width: 1000px) 100vw, 1000px\" \/>            <\/div>\n            <div class=\"col-md-6 col-text\">\n                <div class=\"text\">\n                    <div class=\"title\">\n\t\t\t\t\t\tWeb Dizajn i UX                    <\/div>\n                    <div class=\"content\">\n\t\t\t\t\t\tKreativna web-dizajn re\u0161enja kvalitetno predstavljaju Va\u0161e poslovanje na internetu.                    <\/div>\n                <\/div>\n            <\/div>\n\t\t    <\/div>\n\t<\/a><\/div><div class=\"vc_empty_space\"   style=\"height: 50px\"><span class=\"vc_empty_space_inner\"><\/span><\/div><div class=\"type-image style-left color-white insight-our-services\">\n\t<a href=\"https:\/\/solvingcom.com\/en\/content-social-media\/\" target=\"_blank\">    <div class=\"row insight-our-services-inner row-xs-center\">\n\t\t            <div class=\"col-md-6 col-image\">\n\t\t\t\t<img decoding=\"async\" width=\"555\" height=\"275\" src=\"https:\/\/solvingcom.com\/wp-content\/uploads\/2018\/10\/what-we-do-digital-art.jpg\" class=\"attachment-full size-full\" alt=\"Digital art\" srcset=\"https:\/\/solvingcom.com\/wp-content\/uploads\/2018\/10\/what-we-do-digital-art.jpg 555w, https:\/\/solvingcom.com\/wp-content\/uploads\/2018\/10\/what-we-do-digital-art-300x149.jpg 300w\" sizes=\"(max-width: 555px) 100vw, 555px\" \/>            <\/div>\n            <div class=\"col-md-6 col-text\">\n                <div class=\"text\">\n                    <div class=\"title\">\n\t\t\t\t\t\tSadr\u017eaj i Dru\u0161tvene Mre\u017ee                    <\/div>\n                    <div class=\"content\">\n\t\t\t\t\t\tDobrodo\u0161li u svet dru\u0161tvenih medija, gde se inovacija i tehnologija spajaju kako bi stvorili platformu za uspeh Va\u0161eg poslovanja.                    <\/div>\n                <\/div>\n            <\/div>\n\t\t    <\/div>\n\t<\/a><\/div><div class=\"vc_empty_space\"   style=\"height: 50px\"><span class=\"vc_empty_space_inner\"><\/span><\/div><div class=\"type-image style-right color-white insight-our-services\">\n\t<a href=\"https:\/\/solvingcom.com\/en\/branding-visual-identity-design\/\" target=\"_blank\">    <div class=\"row insight-our-services-inner row-xs-center\">\n\t\t            <div class=\"col-md-6 col-image\">\n\t\t\t\t<img decoding=\"async\" width=\"889\" height=\"500\" src=\"https:\/\/solvingcom.com\/wp-content\/uploads\/2021\/03\/h5J594mu7Wh2NG4cYEyesj-1200-80.png\" class=\"attachment-full size-full\" alt=\"Graphic design\" srcset=\"https:\/\/solvingcom.com\/wp-content\/uploads\/2021\/03\/h5J594mu7Wh2NG4cYEyesj-1200-80.png 889w, https:\/\/solvingcom.com\/wp-content\/uploads\/2021\/03\/h5J594mu7Wh2NG4cYEyesj-1200-80-300x169.png 300w, https:\/\/solvingcom.com\/wp-content\/uploads\/2021\/03\/h5J594mu7Wh2NG4cYEyesj-1200-80-768x432.png 768w\" sizes=\"(max-width: 889px) 100vw, 889px\" \/>            <\/div>\n            <div class=\"col-md-6 col-text\">\n                <div class=\"text\">\n                    <div class=\"title\">\n\t\t\t\t\t\tBRENDING I VIZUELNI IDENTITET                    <\/div>\n                    <div class=\"content\">\n\t\t\t\t\t\tNa\u0161i grafi\u010dki dizajneri i animatori pretvaraju ideje u stvarnost i podi\u017eu Va\u0161e poslovanje na vi\u0161i nivo.                    <\/div>\n                <\/div>\n            <\/div>\n\t\t    <\/div>\n\t<\/a><\/div><div class=\"vc_empty_space\"   style=\"height: 50px\"><span class=\"vc_empty_space_inner\"><\/span><\/div><div class=\"type-image style-left color-white insight-our-services\">\n\t<a href=\"https:\/\/solvingcom.com\/en\/copywriting\/\" >    <div class=\"row insight-our-services-inner row-xs-center\">\n\t\t            <div class=\"col-md-6 col-image\">\n\t\t\t\t<img decoding=\"async\" width=\"367\" height=\"307\" src=\"https:\/\/solvingcom.com\/wp-content\/uploads\/2025\/11\/Copywriting3.jpg\" class=\"attachment-full size-full\" alt=\"Copywriting\" srcset=\"https:\/\/solvingcom.com\/wp-content\/uploads\/2025\/11\/Copywriting3.jpg 367w, https:\/\/solvingcom.com\/wp-content\/uploads\/2025\/11\/Copywriting3-300x251.jpg 300w, https:\/\/solvingcom.com\/wp-content\/uploads\/2025\/11\/Copywriting3-14x12.jpg 14w\" sizes=\"(max-width: 367px) 100vw, 367px\" \/>            <\/div>\n            <div class=\"col-md-6 col-text\">\n                <div class=\"text\">\n                    <div class=\"title\">\n\t\t\t\t\t\tCopywriting                    <\/div>\n                    <div class=\"content\">\n\t\t\t\t\t\tPreciznim kopirajtingom va\u0161 brend komunicira jasno, smisleno i upe\u010datljivo.                    <\/div>\n                <\/div>\n            <\/div>\n\t\t    <\/div>\n\t<\/a><\/div><div class=\"vc_empty_space\"   style=\"height: 50px\"><span class=\"vc_empty_space_inner\"><\/span><\/div><div class=\"type-image style-right color-white insight-our-services\">\n\t<a href=\"https:\/\/solvingcom.com\/en\/interactive-media-ibis\/\" >    <div class=\"row insight-our-services-inner row-xs-center\">\n\t\t            <div class=\"col-md-6 col-image\">\n\t\t\t\t<img decoding=\"async\" width=\"1608\" height=\"914\" src=\"https:\/\/solvingcom.com\/wp-content\/uploads\/2025\/07\/IBIS-grafika-za-sajt-1.jpg\" class=\"attachment-full size-full\" alt=\"IBIS\" srcset=\"https:\/\/solvingcom.com\/wp-content\/uploads\/2025\/07\/IBIS-grafika-za-sajt-1.jpg 1608w, https:\/\/solvingcom.com\/wp-content\/uploads\/2025\/07\/IBIS-grafika-za-sajt-1-300x171.jpg 300w, https:\/\/solvingcom.com\/wp-content\/uploads\/2025\/07\/IBIS-grafika-za-sajt-1-1024x582.jpg 1024w, https:\/\/solvingcom.com\/wp-content\/uploads\/2025\/07\/IBIS-grafika-za-sajt-1-768x437.jpg 768w, https:\/\/solvingcom.com\/wp-content\/uploads\/2025\/07\/IBIS-grafika-za-sajt-1-1536x873.jpg 1536w, https:\/\/solvingcom.com\/wp-content\/uploads\/2025\/07\/IBIS-grafika-za-sajt-1-18x10.jpg 18w\" sizes=\"(max-width: 1608px) 100vw, 1608px\" \/>            <\/div>\n            <div class=\"col-md-6 col-text\">\n                <div class=\"text\">\n                    <div class=\"title\">\n\t\t\t\t\t\tInteraktivni Mediji &amp; IBIS                    <\/div>\n                    <div class=\"content\">\n\t\t\t\t\t\tIBIS se najbolje mo\u017ee opisati kao personalizovani radio ili TV sa reklamama, koji se emituje u oblaku, odakle svaki korisnik\/lokacija preuzima i distribuira sadr\u017eaj preko sistema zvu\u010dnika i\/ili ekrana.                    <\/div>\n                <\/div>\n            <\/div>\n\t\t    <\/div>\n\t<\/a><\/div><div class=\"vc_empty_space\"   style=\"height: 50px\"><span class=\"vc_empty_space_inner\"><\/span><\/div><div class=\"type-image style-left color-white insight-our-services\">\n\t<a href=\"http:\/\/solvingcom.com\/corporate-events\/\" >    <div class=\"row insight-our-services-inner row-xs-center\">\n\t\t            <div class=\"col-md-6 col-image\">\n\t\t\t\t<img decoding=\"async\" width=\"555\" height=\"275\" src=\"https:\/\/solvingcom.com\/wp-content\/uploads\/2018\/12\/what-we-do-corporate-events-v2.jpg\" class=\"attachment-full size-full\" alt=\"what we do corporate events\" srcset=\"https:\/\/solvingcom.com\/wp-content\/uploads\/2018\/12\/what-we-do-corporate-events-v2.jpg 555w, https:\/\/solvingcom.com\/wp-content\/uploads\/2018\/12\/what-we-do-corporate-events-v2-300x149.jpg 300w\" sizes=\"(max-width: 555px) 100vw, 555px\" \/>            <\/div>\n            <div class=\"col-md-6 col-text\">\n                <div class=\"text\">\n                    <div class=\"title\">\n\t\t\t\t\t\tOrganizacija doga\u0111aja                    <\/div>\n                    <div class=\"content\">\n\t\t\t\t\t\tObezbe\u0111ujemo kompletna re\u0161enja i usluge za korporativne doga\u0111aje.                    <\/div>\n                <\/div>\n            <\/div>\n\t\t    <\/div>\n\t<\/a><\/div><div class=\"vc_empty_space\"   style=\"height: 50px\"><span class=\"vc_empty_space_inner\"><\/span><\/div><div class=\"type-image style-right color-white insight-our-services\">\n\t    <div class=\"row insight-our-services-inner row-xs-center\">\n\t\t            <div class=\"col-md-6 col-image\">\n\t\t\t\t<img decoding=\"async\" width=\"555\" height=\"275\" src=\"https:\/\/solvingcom.com\/wp-content\/uploads\/2018\/12\/what-we-do-ideas-and-solutions-2.jpg\" class=\"attachment-full size-full\" alt=\"what-we-do-ideas-and-solutions-2\" srcset=\"https:\/\/solvingcom.com\/wp-content\/uploads\/2018\/12\/what-we-do-ideas-and-solutions-2.jpg 555w, https:\/\/solvingcom.com\/wp-content\/uploads\/2018\/12\/what-we-do-ideas-and-solutions-2-300x149.jpg 300w\" sizes=\"(max-width: 555px) 100vw, 555px\" \/>            <\/div>\n            <div class=\"col-md-6 col-text\">\n                <div class=\"text\">\n                    <div class=\"title\">\n\t\t\t\t\t\tIdeje i re\u0161enja                    <\/div>\n                    <div class=\"content\">\n\t\t\t\t\t\tTim SOLVING \u010dine iskusni profesionalci sa decenijama iskustva u implementaciji kreativnih re\u0161enja.                    <\/div>\n                <\/div>\n            <\/div>\n\t\t    <\/div>\n\t<\/div><div class=\"vc_empty_space\"   style=\"height: 50px\"><span class=\"vc_empty_space_inner\"><\/span><\/div><div class=\"insight-button style01 align-center\">\n\t    <a href=\"https:\/\/solvingcom.com\/en\/our-projects-grid\/\"\n       target=\"_self\"\n       rel=\"\">Portfolio<\/a>\n<\/div>\n<div class=\"vc_empty_space\"   style=\"height: 140px\"><span class=\"vc_empty_space_inner\"><\/span><\/div><\/div><\/div><\/div><\/div><div class=\"vc_row wpb_row vc_row-fluid\"><div class=\"wpb_column vc_column_container vc_col-sm-12\"><div class=\"vc_column-inner\"><div class=\"wpb_wrapper\"><\/div><\/div><\/div><\/div>\n<\/div>","protected":false},"excerpt":{"rendered":"Corporate Video Production We offer full-service corporate video production, including pre-production, filming, and post-production. Video Editing We have senior level video editors and video content creators with expert knowledge on a wide range of industry standard programs and applications. Web &amp; UX Design SOLVING creative web-design solutions represent your business online respectfully. Content &amp; Social...","protected":false},"author":4,"featured_media":3572,"parent":0,"menu_order":0,"comment_status":"closed","ping_status":"closed","template":"","meta":{"footnotes":""},"class_list":["post-345","page","type-page","status-publish","has-post-thumbnail","hentry"],"yoast_head":"<!-- This site is optimized with the Yoast SEO plugin v27.1.1 - https:\/\/yoast.com\/product\/yoast-seo-wordpress\/ -->\n<title>What We Do | Solving Communications<\/title>\n<meta name=\"description\" content=\"We create branding, design, video, and content that showcase your brand\u2019s values and boost its professional image and visibility.\" \/>\n<meta name=\"robots\" content=\"index, follow, max-snippet:-1, max-image-preview:large, max-video-preview:-1\" \/>\n<link rel=\"canonical\" href=\"https:\/\/solvingcom.com\/sr\/what-we-do\/\" \/>\n<meta property=\"og:locale\" content=\"sr_RS\" \/>\n<meta property=\"og:type\" content=\"article\" \/>\n<meta property=\"og:title\" content=\"What We Do\" \/>\n<meta property=\"og:description\" content=\"We create branding, design, video, and content that showcase your brand\u2019s values and boost its professional image and visibility.\" \/>\n<meta property=\"og:url\" content=\"https:\/\/solvingcom.com\/sr\/what-we-do\/\" \/>\n<meta property=\"og:site_name\" content=\"Solving Communications\" \/>\n<meta property=\"article:publisher\" content=\"https:\/\/www.facebook.com\/digitalvideosandevents\" \/>\n<meta property=\"article:modified_time\" content=\"2026-03-18T13:05:45+00:00\" \/>\n<meta property=\"og:image\" content=\"https:\/\/solvingcom.com\/wp-content\/uploads\/revslider\/baner-za-FB-studio11.jpg\" \/>\n\t<meta property=\"og:image:width\" content=\"470\" \/>\n\t<meta property=\"og:image:height\" content=\"356\" \/>\n\t<meta property=\"og:image:type\" content=\"image\/jpeg\" \/>\n<meta name=\"twitter:card\" content=\"summary_large_image\" \/>\n<meta name=\"twitter:title\" content=\"What We Do\" \/>\n<meta name=\"twitter:description\" content=\"We create branding, design, video, and content that showcase your brand\u2019s values and boost its professional image and visibility.\" \/>\n<meta name=\"twitter:image\" content=\"https:\/\/solvingcom.com\/wp-content\/uploads\/revslider\/baner-za-FB-studio12.jpg\" \/>\n<meta name=\"twitter:label1\" content=\"\u041f\u0440\u043e\u0446\u0435\u045a\u0435\u043d\u043e \u0432\u0440\u0435\u043c\u0435 \u0447\u0438\u0442\u0430\u045a\u0430\" \/>\n\t<meta name=\"twitter:data1\" content=\"2 \u043c\u0438\u043d\u0443\u0442\u0430\" \/>\n<script type=\"application\/ld+json\" class=\"yoast-schema-graph\">{\"@context\":\"https:\/\/schema.org\",\"@graph\":[{\"@type\":\"WebPage\",\"@id\":\"https:\/\/solvingcom.com\/what-we-do\/\",\"url\":\"https:\/\/solvingcom.com\/what-we-do\/\",\"name\":\"What We Do | Solving Communications\",\"isPartOf\":{\"@id\":\"https:\/\/solvingcom.com\/en\/#website\"},\"primaryImageOfPage\":{\"@id\":\"https:\/\/solvingcom.com\/what-we-do\/#primaryimage\"},\"image\":{\"@id\":\"https:\/\/solvingcom.com\/what-we-do\/#primaryimage\"},\"thumbnailUrl\":\"https:\/\/solvingcom.com\/wp-content\/uploads\/revslider\/baner-za-FB-studio11.jpg\",\"datePublished\":\"2017-01-06T02:17:45+00:00\",\"dateModified\":\"2026-03-18T13:05:45+00:00\",\"description\":\"We create branding, design, video, and content that showcase your brand\u2019s values and boost its professional image and visibility.\",\"breadcrumb\":{\"@id\":\"https:\/\/solvingcom.com\/what-we-do\/#breadcrumb\"},\"inLanguage\":\"sr-RS\",\"potentialAction\":[{\"@type\":\"ReadAction\",\"target\":[\"https:\/\/solvingcom.com\/what-we-do\/\"]}]},{\"@type\":\"ImageObject\",\"inLanguage\":\"sr-RS\",\"@id\":\"https:\/\/solvingcom.com\/what-we-do\/#primaryimage\",\"url\":\"https:\/\/solvingcom.com\/wp-content\/uploads\/revslider\/baner-za-FB-studio11.jpg\",\"contentUrl\":\"https:\/\/solvingcom.com\/wp-content\/uploads\/revslider\/baner-za-FB-studio11.jpg\",\"width\":\"470\",\"height\":\"356\",\"caption\":\"video & audio productions\"},{\"@type\":\"BreadcrumbList\",\"@id\":\"https:\/\/solvingcom.com\/what-we-do\/#breadcrumb\",\"itemListElement\":[{\"@type\":\"ListItem\",\"position\":1,\"name\":\"Home\",\"item\":\"https:\/\/solvingcom.com\/\"},{\"@type\":\"ListItem\",\"position\":2,\"name\":\"What We Do\"}]},{\"@type\":\"WebSite\",\"@id\":\"https:\/\/solvingcom.com\/en\/#website\",\"url\":\"https:\/\/solvingcom.com\/en\/\",\"name\":\"Solving Communications\",\"description\":\"A Petite Agency Doing Great Things\",\"publisher\":{\"@id\":\"https:\/\/solvingcom.com\/en\/#organization\"},\"alternateName\":\"Corporate Video Production\",\"potentialAction\":[{\"@type\":\"SearchAction\",\"target\":{\"@type\":\"EntryPoint\",\"urlTemplate\":\"https:\/\/solvingcom.com\/en\/?s={search_term_string}\"},\"query-input\":{\"@type\":\"PropertyValueSpecification\",\"valueRequired\":true,\"valueName\":\"search_term_string\"}}],\"inLanguage\":\"sr-RS\"},{\"@type\":\"Organization\",\"@id\":\"https:\/\/solvingcom.com\/en\/#organization\",\"name\":\"Solving Communications\",\"alternateName\":\"Corporate Video Production\",\"url\":\"https:\/\/solvingcom.com\/en\/\",\"logo\":{\"@type\":\"ImageObject\",\"inLanguage\":\"sr-RS\",\"@id\":\"https:\/\/solvingcom.com\/en\/#\/schema\/logo\/image\/\",\"url\":\"https:\/\/solvingcom.com\/wp-content\/uploads\/2026\/02\/Solving-Logo.png\",\"contentUrl\":\"https:\/\/solvingcom.com\/wp-content\/uploads\/2026\/02\/Solving-Logo.png\",\"width\":584,\"height\":121,\"caption\":\"Solving Communications\"},\"image\":{\"@id\":\"https:\/\/solvingcom.com\/en\/#\/schema\/logo\/image\/\"},\"sameAs\":[\"https:\/\/www.facebook.com\/digitalvideosandevents\",\"https:\/\/www.instagram.com\/solving_production\/\",\"https:\/\/www.youtube.com\/@solvingcommunicationseood3764\",\"https:\/\/www.linkedin.com\/company\/solving\/posts\/?feedView=all\"]}]}<\/script>\n<!-- \/ Yoast SEO plugin. -->","yoast_head_json":{"title":"What We Do | Solving Communications","description":"We create branding, design, video, and content that showcase your brand\u2019s values and boost its professional image and visibility.","robots":{"index":"index","follow":"follow","max-snippet":"max-snippet:-1","max-image-preview":"max-image-preview:large","max-video-preview":"max-video-preview:-1"},"canonical":"https:\/\/solvingcom.com\/sr\/what-we-do\/","og_locale":"sr_RS","og_type":"article","og_title":"What We Do","og_description":"We create branding, design, video, and content that showcase your brand\u2019s values and boost its professional image and visibility.","og_url":"https:\/\/solvingcom.com\/sr\/what-we-do\/","og_site_name":"Solving Communications","article_publisher":"https:\/\/www.facebook.com\/digitalvideosandevents","article_modified_time":"2026-03-18T13:05:45+00:00","og_image":[{"width":470,"height":356,"url":"https:\/\/solvingcom.com\/wp-content\/uploads\/revslider\/baner-za-FB-studio11.jpg","type":"image\/jpeg"}],"twitter_card":"summary_large_image","twitter_title":"What We Do","twitter_description":"We create branding, design, video, and content that showcase your brand\u2019s values and boost its professional image and visibility.","twitter_image":"https:\/\/solvingcom.com\/wp-content\/uploads\/revslider\/baner-za-FB-studio12.jpg","twitter_misc":{"\u041f\u0440\u043e\u0446\u0435\u045a\u0435\u043d\u043e \u0432\u0440\u0435\u043c\u0435 \u0447\u0438\u0442\u0430\u045a\u0430":"2 \u043c\u0438\u043d\u0443\u0442\u0430"},"schema":{"@context":"https:\/\/schema.org","@graph":[{"@type":"WebPage","@id":"https:\/\/solvingcom.com\/what-we-do\/","url":"https:\/\/solvingcom.com\/what-we-do\/","name":"What We Do | Solving Communications","isPartOf":{"@id":"https:\/\/solvingcom.com\/en\/#website"},"primaryImageOfPage":{"@id":"https:\/\/solvingcom.com\/what-we-do\/#primaryimage"},"image":{"@id":"https:\/\/solvingcom.com\/what-we-do\/#primaryimage"},"thumbnailUrl":"https:\/\/solvingcom.com\/wp-content\/uploads\/revslider\/baner-za-FB-studio11.jpg","datePublished":"2017-01-06T02:17:45+00:00","dateModified":"2026-03-18T13:05:45+00:00","description":"We create branding, design, video, and content that showcase your brand\u2019s values and boost its professional image and visibility.","breadcrumb":{"@id":"https:\/\/solvingcom.com\/what-we-do\/#breadcrumb"},"inLanguage":"sr-RS","potentialAction":[{"@type":"ReadAction","target":["https:\/\/solvingcom.com\/what-we-do\/"]}]},{"@type":"ImageObject","inLanguage":"sr-RS","@id":"https:\/\/solvingcom.com\/what-we-do\/#primaryimage","url":"https:\/\/solvingcom.com\/wp-content\/uploads\/revslider\/baner-za-FB-studio11.jpg","contentUrl":"https:\/\/solvingcom.com\/wp-content\/uploads\/revslider\/baner-za-FB-studio11.jpg","width":"470","height":"356","caption":"video & audio productions"},{"@type":"BreadcrumbList","@id":"https:\/\/solvingcom.com\/what-we-do\/#breadcrumb","itemListElement":[{"@type":"ListItem","position":1,"name":"Home","item":"https:\/\/solvingcom.com\/"},{"@type":"ListItem","position":2,"name":"What We Do"}]},{"@type":"WebSite","@id":"https:\/\/solvingcom.com\/en\/#website","url":"https:\/\/solvingcom.com\/en\/","name":"Solving Communications","description":"A Petite Agency Doing Great Things","publisher":{"@id":"https:\/\/solvingcom.com\/en\/#organization"},"alternateName":"Corporate Video Production","potentialAction":[{"@type":"SearchAction","target":{"@type":"EntryPoint","urlTemplate":"https:\/\/solvingcom.com\/en\/?s={search_term_string}"},"query-input":{"@type":"PropertyValueSpecification","valueRequired":true,"valueName":"search_term_string"}}],"inLanguage":"sr-RS"},{"@type":"Organization","@id":"https:\/\/solvingcom.com\/en\/#organization","name":"Solving Communications","alternateName":"Corporate Video Production","url":"https:\/\/solvingcom.com\/en\/","logo":{"@type":"ImageObject","inLanguage":"sr-RS","@id":"https:\/\/solvingcom.com\/en\/#\/schema\/logo\/image\/","url":"https:\/\/solvingcom.com\/wp-content\/uploads\/2026\/02\/Solving-Logo.png","contentUrl":"https:\/\/solvingcom.com\/wp-content\/uploads\/2026\/02\/Solving-Logo.png","width":584,"height":121,"caption":"Solving Communications"},"image":{"@id":"https:\/\/solvingcom.com\/en\/#\/schema\/logo\/image\/"},"sameAs":["https:\/\/www.facebook.com\/digitalvideosandevents","https:\/\/www.instagram.com\/solving_production\/","https:\/\/www.youtube.com\/@solvingcommunicationseood3764","https:\/\/www.linkedin.com\/company\/solving\/posts\/?feedView=all"]}]}},"_links":{"self":[{"href":"https:\/\/solvingcom.com\/sr\/wp-json\/wp\/v2\/pages\/345","targetHints":{"allow":["GET"]}}],"collection":[{"href":"https:\/\/solvingcom.com\/sr\/wp-json\/wp\/v2\/pages"}],"about":[{"href":"https:\/\/solvingcom.com\/sr\/wp-json\/wp\/v2\/types\/page"}],"author":[{"embeddable":true,"href":"https:\/\/solvingcom.com\/sr\/wp-json\/wp\/v2\/users\/4"}],"replies":[{"embeddable":true,"href":"https:\/\/solvingcom.com\/sr\/wp-json\/wp\/v2\/comments?post=345"}],"version-history":[{"count":2,"href":"https:\/\/solvingcom.com\/sr\/wp-json\/wp\/v2\/pages\/345\/revisions"}],"predecessor-version":[{"id":6343,"href":"https:\/\/solvingcom.com\/sr\/wp-json\/wp\/v2\/pages\/345\/revisions\/6343"}],"wp:featuredmedia":[{"embeddable":true,"href":"https:\/\/solvingcom.com\/sr\/wp-json\/wp\/v2\/media\/3572"}],"wp:attachment":[{"href":"https:\/\/solvingcom.com\/sr\/wp-json\/wp\/v2\/media?parent=345"}],"curies":[{"name":"wp","href":"https:\/\/api.w.org\/{rel}","templated":true}]}}